{"id":1051,"date":"2024-08-13T09:07:58","date_gmt":"2024-08-13T09:07:58","guid":{"rendered":"https:\/\/gbl.shop\/purewipe-cleaner-1l\/"},"modified":"2024-08-13T09:07:58","modified_gmt":"2024-08-13T09:07:58","slug":"purewipe-cleaner-1l","status":"publish","type":"product","link":"https:\/\/gbl.shop\/de\/produkt\/purewipe-cleaner-1l\/","title":{"rendered":"PureWipe Cleaner 1L"},"content":{"rendered":"<div class=\"flex max-w-full flex-col grow\">\n<div class=\"min-h-8 text-message relative flex w-full flex-col items-end gap-2 text-start break-words whitespace-normal [.text-message+&amp;]:mt-5\" dir=\"auto\" data-message-author-role=\"assistant\" data-message-id=\"6265b032-4582-4818-b593-ed63d3d41683\" data-message-model-slug=\"gpt-4o\">\n<div class=\"flex w-full flex-col gap-1 empty:hidden first:pt-[3px]\">\n<div class=\"markdown prose dark:prose-invert w-full break-words light\">\n<p class=\"\" data-start=\"217\" data-end=\"285\"><strong data-start=\"217\" data-end=\"285\">GBL Cleaner 1L \u2013 Die bew\u00e4hrte Reinigungsl\u00f6sung in ganz GBL Europe<\/strong><\/p>\n<p class=\"\" data-start=\"287\" data-end=\"682\">Suchen Sie einen Hochleistungsreiniger f\u00fcr den privaten und gewerblichen Einsatz? GBL Cleaner 1L ist die perfekte Wahl f\u00fcr Profis und Privatpersonen in ganz GBL Europe. Mit einer Reinheit von 99 % entfernt er m\u00fchelos Schmutz, Fett und R\u00fcckst\u00e4nde. Ob Maschinenreinigung oder Oberfl\u00e4chenpflege zu Hause \u2013 dieser Reiniger liefert Ergebnisse, auf die Sie sich verlassen k\u00f6nnen.  <\/p>\n<hr class=\"\" data-start=\"684\" data-end=\"687\">\n<h3 class=\"\" data-start=\"689\" data-end=\"736\">Darum verl\u00e4sst sich GBL Europe auf unseren 1-Liter-GBL-Reiniger<\/h3>\n<p class=\"\" data-start=\"738\" data-end=\"956\"><strong data-start=\"738\" data-end=\"755\">Reinheit ist das A und O<\/strong>. Unsere Formel enth\u00e4lt <strong data-start=\"794\" data-end=\"810\">99% reines GBL<\/strong>, was die maximale Kraft und Wirksamkeit bei jeder Anwendung bedeutet. Unser Reiniger entfernt selbst hartn\u00e4ckige Verschmutzungen schnell und hinterl\u00e4sst saubere, sofort einsatzbereite Oberfl\u00e4chen.  <\/p>\n<p class=\"\" data-start=\"958\" data-end=\"1185\"><strong data-start=\"958\" data-end=\"970\">Dar\u00fcber hinaus <\/strong> profitieren Sie von gleichbleibender Leistung. Vom ersten bis zum letzten Tropfen liefert dieser Reiniger die gleiche kraftvolle Wirkung. Deshalb w\u00e4hlen Anwender in ganz GBL Europe ihn immer wieder f\u00fcr anspruchsvolle Reinigungsaufgaben. <\/p>\n<hr class=\"\" data-start=\"1187\" data-end=\"1190\">\n<h3 class=\"\" data-start=\"1192\" data-end=\"1233\">Vielseitige Anwendungsm\u00f6glichkeiten f\u00fcr maximale Flexibilit\u00e4t<\/h3>\n<p class=\"\" data-start=\"1235\" data-end=\"1405\"><strong data-start=\"1235\" data-end=\"1265\">In industriellen Umgebungen<\/strong> eignet sich der GBL Reiniger 1L ideal zum Entfetten von Werkzeugen, Ger\u00e4ten und Oberfl\u00e4chen. Er entfernt \u00d6l und Schmutz schnell und sorgt so f\u00fcr einen reibungslosen Betrieb. <\/p>\n<p class=\"\" data-start=\"1407\" data-end=\"1606\"><strong data-start=\"1407\" data-end=\"1422\">Dar\u00fcber hinaus ist er hervorragend zur Oberfl\u00e4chenvorbereitung geeignet. Sie k\u00f6nnen Kleber, Farbe oder Beschichtungen entfernen, bevor Sie etwas Neues auftragen. So haben Sie immer eine glatte, saubere Basis<\/strong>. <\/p>\n<p class=\"\" data-start=\"1608\" data-end=\"1798\"><strong data-start=\"1608\" data-end=\"1625\">Auch f\u00fcr Heimwerkerprojekte <\/strong>ist er \u00e4u\u00dferst effektiv. Ob Sie Autoteile reinigen, Felgen polieren oder Materialien restaurieren \u2013 dieser Reiniger liefert Ihnen ein professionelles Ergebnis \u2013 ganz ohne Aufwand. <\/p>\n<hr class=\"\" data-start=\"1800\" data-end=\"1803\">\n<h3 class=\"\" data-start=\"1805\" data-end=\"1859\">Darum verlassen sich die Kunden in ganz GBL Europe auf dieses Produkt<\/h3>\n<p class=\"\" data-start=\"1861\" data-end=\"2193\"><strong data-start=\"1861\" data-end=\"1903\">Dank seiner St\u00e4rke und Zuverl\u00e4ssigkeit<\/strong> ist unser Reiniger in ganz GBL Europe zur ersten Wahl geworden. Profis in Werkst\u00e4tten, Fabriken und Garagen verwenden ihn t\u00e4glich. Auch Hausbesitzer sch\u00e4tzen seine Kraft und einfache Anwendung. Wir halten uns an strenge Qualit\u00e4tskontrollen, damit Sie stets ein zuverl\u00e4ssiges und hochwertiges Produkt erhalten.  <\/p>\n<p class=\"\" data-start=\"1861\" data-end=\"2193\">Mit seiner au\u00dfergew\u00f6hnlichen St\u00e4rke und 99%igen Reinheit hat sich unser GBL Cleaner 1L das Vertrauen von Kunden in ganz GBL Europe erworben. Dieses leistungsstarke Mehrzweck-L\u00f6sungsmittel eignet sich ideal f\u00fcr eine Vielzahl von Reinigungsanwendungen, von der industriellen Entfettung bis zur pr\u00e4zisen Oberfl\u00e4chenvorbereitung in der Automobil- und Fertigungsindustrie. Fachleute verschiedenster Branchen verlassen sich darauf, um \u00d6l, Bremsstaub, Klebstoffe, Farbe und sogar Graffiti zu entfernen \u2013 eine echte All-in-One-L\u00f6sung.  <\/p>\n<p class=\"\" data-start=\"1861\" data-end=\"2193\">Auch Privatanwender sch\u00e4tzen die einfache Anwendung, egal ob sie Motorteile restaurieren, Alufelgen reinigen oder Metall- und Kunststoffoberfl\u00e4chen f\u00fcr die Lackierung vorbereiten. Dank seines gro\u00dfz\u00fcgigen 1-Liter-Volumens bietet es ein hervorragendes Preis-Leistungs-Verh\u00e4ltnis f\u00fcr den h\u00e4ufigen Gebrauch, w\u00e4hrend die manipulationssichere und auslaufsichere Verpackung eine sichere Lagerung und einen sicheren Transport gew\u00e4hrleistet. In puncto Leistung, Sicherheit und Zuverl\u00e4ssigkeit erf\u00fcllt dieser Reiniger die hohen Standards von GBL Europe.  <\/p>\n<hr class=\"\" data-start=\"2195\" data-end=\"2198\">\n<h3 class=\"\" data-start=\"2200\" data-end=\"2239\">Die wichtigsten Vorteile, die den Unterschied machen<\/h3>\n<ul data-start=\"2241\" data-end=\"2523\">\n<li class=\"\" data-start=\"2241\" data-end=\"2298\">\n<p class=\"\" data-start=\"2243\" data-end=\"2298\">\u2705 <strong data-start=\"2245\" data-end=\"2259\">99% Reinheit<\/strong> \u2013 Strong, effective, and no fillers Stark, effektiv und ohne F\u00fcllstoffe.<\/p>\n<\/li>\n<li class=\"\" data-start=\"2299\" data-end=\"2371\">\n<p class=\"\" data-start=\"2301\" data-end=\"2371\">\u2705 <strong data-start=\"2303\" data-end=\"2324\">Vielseitig verwendbar<\/strong> \u2013 Ideal f\u00fcr Metall, Kunststoff, Glas und mehr.<\/p>\n<\/li>\n<li class=\"\" data-start=\"2372\" data-end=\"2447\">\n<p class=\"\" data-start=\"2374\" data-end=\"2447\">\u2705 <strong data-start=\"2376\" data-end=\"2398\">Ergiebig<\/strong> \u2013 Ein Liter reicht f\u00fcr viele Anwendungen und spart Ihnen eine Stange Geld.<\/p>\n<\/li>\n<li class=\"\" data-start=\"2448\" data-end=\"2523\">\n<p class=\"\" data-start=\"2450\" data-end=\"2523\">\u2705 <strong data-start=\"2452\" data-end=\"2472\">Sichere Verpackung<\/strong> \u2013 Auslaufsicher und manipulationssicher f\u00fcr eine sichere Lieferung.<\/p>\n<\/li>\n<\/ul>\n<hr class=\"\" data-start=\"2525\" data-end=\"2528\">\n<h3 class=\"\" data-start=\"2530\" data-end=\"2602\">Sind Sie bereit, mit einem intelligenteren Reinigen anzufangen? Bestellen Sie noch heute bei GBL Europe, Ihrem vertrauensw\u00fcrdigen Partner! <\/h3>\n<p class=\"\" data-start=\"2604\" data-end=\"2841\">Unser GBL Cleaner 1L bietet Ihnen die Leistung, Qualit\u00e4t und Vielseitigkeit, die Sie brauchen. Ob Sie im B\u00fcro hartn\u00e4ckige Verschmutzungen entfernen oder zu Hause gr\u00fcndlich reinigen m\u00f6chten \u2013 mit diesem Produkt erledigen Sie alles schneller und besser. <\/p>\n<p class=\"\" data-start=\"2843\" data-end=\"3053\"><strong data-start=\"2843\" data-end=\"2859\">Worauf warten Sie noch?<\/strong> IWenn Sie in Europa ans\u00e4ssig sind, ist jetzt der perfekte Zeitpunkt, Ihre Reinigungsroutine zu optimieren. Kaufen Sie GBL Reiniger 1L noch heute und erleben Sie die bew\u00e4hrte L\u00f6sung, die in ganz Europa f\u00fcr Sauberkeit sorgt.<\/p>\n<\/div>\n<\/div>\n<\/div>\n<\/div>\n<div class=\"flex justify-start\"><\/div>\n","protected":false},"excerpt":{"rendered":"<p><strong data-start=\"103\" data-end=\"160\">Europaweit bew\u00e4hrt \u2013 GBL-Reiniger 1L (99% rein)<\/strong><br data-start=\"160\" data-end=\"163\">Erleben Sie kraftvolle Reinigung mit unserem 1-Liter-GBL-Reiniger, dem Profis und Heimwerker in ganz Europa vertrauen. Dank seiner Reinheit von 99 % entfernt er m\u00fchelos Fett, \u00d6l und Flecken \u2013 ideal f\u00fcr Industrieanlagen, Fahrzeugpflege und Oberfl\u00e4chenvorbereitung. Reinigen Sie intelligenter mit der bew\u00e4hrten L\u00f6sung von GBL Europe!  <\/p>\n","protected":false},"featured_media":445,"comment_status":"open","ping_status":"closed","template":"","meta":[],"product_brand":[],"product_cat":[52],"product_tag":[],"class_list":{"0":"post-1051","1":"product","2":"type-product","3":"status-publish","4":"has-post-thumbnail","6":"product_cat-shop","8":"first","9":"instock","10":"taxable","11":"shipping-taxable","12":"product-type-simple"},"_links":{"self":[{"href":"https:\/\/gbl.shop\/de\/wp-json\/wp\/v2\/product\/1051","targetHints":{"allow":["GET"]}}],"collection":[{"href":"https:\/\/gbl.shop\/de\/wp-json\/wp\/v2\/product"}],"about":[{"href":"https:\/\/gbl.shop\/de\/wp-json\/wp\/v2\/types\/product"}],"replies":[{"embeddable":true,"href":"https:\/\/gbl.shop\/de\/wp-json\/wp\/v2\/comments?post=1051"}],"wp:featuredmedia":[{"embeddable":true,"href":"https:\/\/gbl.shop\/de\/wp-json\/wp\/v2\/media\/445"}],"wp:attachment":[{"href":"https:\/\/gbl.shop\/de\/wp-json\/wp\/v2\/media?parent=1051"}],"wp:term":[{"taxonomy":"product_brand","embeddable":true,"href":"https:\/\/gbl.shop\/de\/wp-json\/wp\/v2\/product_brand?post=1051"},{"taxonomy":"product_cat","embeddable":true,"href":"https:\/\/gbl.shop\/de\/wp-json\/wp\/v2\/product_cat?post=1051"},{"taxonomy":"product_tag","embeddable":true,"href":"https:\/\/gbl.shop\/de\/wp-json\/wp\/v2\/product_tag?post=1051"}],"curies":[{"name":"wp","href":"https:\/\/api.w.org\/{rel}","templated":true}]}}