{"id":1056,"date":"2024-08-13T09:08:52","date_gmt":"2024-08-13T09:08:52","guid":{"rendered":"https:\/\/gbl.shop\/purewipe-cleaner-25l\/"},"modified":"2024-08-13T09:08:52","modified_gmt":"2024-08-13T09:08:52","slug":"purewipe-cleaner-25l","status":"publish","type":"product","link":"https:\/\/gbl.shop\/de\/produkt\/purewipe-cleaner-25l\/","title":{"rendered":"PureWipe Cleaner 2,5L"},"content":{"rendered":"<h2 data-start=\"327\" data-end=\"402\"><strong data-start=\"331\" data-end=\"402\">2.5L GBL Reiniger \u2013 99 % Reinheit f\u00fcr kraftvolle Reinigung in Haushalt und Industrie<\/strong><\/h2>\n<p class=\"\" data-start=\"404\" data-end=\"837\">Suchen Sie eine starke und zuverl\u00e4ssige Reinigungsl\u00f6sung? Dann ist unser GBL Reiniger die perfekte Wahl. Mit 99 % Reinheit erzielt er kraftvolle Ergebnisse bei einer Vielzahl von Reinigungsaufgaben. Der Reiniger ist eine klare, farblose Fl\u00fcssigkeit \u2013 ein Zeichen seiner hohen Qualit\u00e4t und Wirksamkeit. Ob zu Hause oder in der Industrie: Mit diesem 2,5-l-GBL-Reiniger reinigen Sie gr\u00fcndlicher und schneller.   <\/p>\n<p class=\"\" data-start=\"839\" data-end=\"1242\">Sie k\u00f6nnen damit Fett, \u00d6l, Flecken, Klebstoff, Farbe und sogar Graffiti entfernen. Es eignet sich f\u00fcr viele Oberfl\u00e4chen wie Metall, Kunststoff und Gummi. Daher ist es ideal f\u00fcr Autofelgen, Motorteile, Industriewerkzeuge und Werkstattfl\u00e4chen. Viele Kunden verwenden diesen GBL-Reiniger auch zum Entfernen von Farbe oder zur Oberfl\u00e4chenreinigung vor dem Auftragen von Beschichtungen. Dank seiner schnellen Wirkung sparen Sie Zeit und M\u00fche.    <\/p>\n<hr class=\"\" data-start=\"1244\" data-end=\"1247\">\n<h4 data-start=\"1249\" data-end=\"1291\">\u2705 <strong data-start=\"1255\" data-end=\"1291\">Darum entscheidet man sich f\u00fcr unseren 2,5-Liter-GBL-Reiniger!<\/strong><\/h4>\n<ul data-start=\"1293\" data-end=\"2184\">\n<li class=\"\" data-start=\"1293\" data-end=\"1448\">\n<p class=\"\" data-start=\"1295\" data-end=\"1448\"><strong data-start=\"1295\" data-end=\"1314\">Hohe 99% Reinheit<\/strong> \u2013 Sie erhalten reine Reinigungskraft ohne unn\u00f6tige F\u00fcllstoffe. Nur aktive Inhaltsstoffe, die vom ersten Moment an wirken. <\/p>\n<\/li>\n<li class=\"\" data-start=\"1449\" data-end=\"1650\">\n<p class=\"\" data-start=\"1451\" data-end=\"1650\"><strong data-start=\"1451\" data-end=\"1471\">\u00dcberall verwendbar<\/strong> \u2013 Egal ob zu Hause, in der Garage oder in Industrieanlagen, dieser Reiniger eignet sich f\u00fcr alle Umgebungen. Reinigen Sie Maschinen, Werkzeuge, Autoteile oder bereiten Sie Oberfl\u00e4chen m\u00fchelos vor. <\/p>\n<\/li>\n<li class=\"\" data-start=\"1651\" data-end=\"1829\">\n<p class=\"\" data-start=\"1653\" data-end=\"1829\"><strong data-start=\"1653\" data-end=\"1679\">Gro\u00dfe Flasche, g\u00fcnstiger Preis<\/strong> \u2013 Mit 2,5 Litern haben Sie immer gen\u00fcgend Reiniger parat. F\u00fcr leichtere Reinigungsarbeiten k\u00f6nnen Sie ihn mit Wasser verd\u00fcnnen und so noch sparsamer verbrauchen. <\/p>\n<\/li>\n<li class=\"\" data-start=\"1830\" data-end=\"1976\">\n<p class=\"\" data-start=\"1832\" data-end=\"1976\"><strong data-start=\"1832\" data-end=\"1856\">Zeit- und Geldersparung<\/strong> \u2013 Wegen seiner St\u00e4rke und des gro\u00dfen Volumens ben\u00f6tigen Sie weniger Produkt pro Anwendung. Das bedeutet weniger Nachbestellungen und schnellere Ergebnisse. <\/p>\n<\/li>\n<li class=\"\" data-start=\"1977\" data-end=\"2184\">\n<p class=\"\" data-start=\"1979\" data-end=\"2184\"><strong data-start=\"1979\" data-end=\"2010\">Schneller &amp; zuverl\u00e4ssiger EU-Versand<\/strong> \u2013 Wir liefern schnell und sicher europaweit. In den meisten F\u00e4llen versenden wir Ihre Bestellung innerhalb von 24 Stunden. Sie erhalten au\u00dferdem eine Sendungsverfolgung, mit der Sie Ihre Lieferung von unserem Lager bis zu Ihnen verfolgen k\u00f6nnen.  <\/p>\n<\/li>\n<\/ul>\n<hr class=\"\" data-start=\"2186\" data-end=\"2189\">\n<p class=\"\" data-start=\"2191\" data-end=\"2493\">Dank seiner St\u00e4rke, Gr\u00f6\u00dfe und Flexibilit\u00e4t hat sich dieser GBL-Reiniger als ideale L\u00f6sung f\u00fcr den privaten und professionellen Gebrauch etabliert. Er ist einfach anzuwenden und dennoch kraftvoll genug f\u00fcr anspruchsvolle Reinigungsarbeiten. Ob Sie hartn\u00e4ckiges Fett entfernen oder alte Farbe abtragen m\u00f6chten \u2013 er erledigt die Arbeit zuverl\u00e4ssig.  <\/p>\n<p class=\"\" data-start=\"2495\" data-end=\"2718\">Verwenden Sie ihn f\u00fcr die Autopflege, die Maschinenreinigung, die Metallvorbereitung oder die gr\u00fcndliche Haushaltsreinigung. Seine hochwirksame Formel und hohe Reinheit machen ihn zudem ideal f\u00fcr besonders herausfordernde Aufgaben, bei denen herk\u00f6mmliche Reiniger versagen. <\/p>\n<p>Der <strong data-start=\"120\" data-end=\"135\">GBL-Reiniger<\/strong> ist ein hochwirksames L\u00f6sungsmittel zur Entfernung von Fett, \u00d6l, Klebstoffen, Farbe und anderen hartn\u00e4ckigen R\u00fcckst\u00e4nden. Mit einem typischen Reinheitsgrad von 99 % eignet er sich ideal f\u00fcr industrielle und private Reinigungsanwendungen. Profis verwenden GBL-Reiniger zum Entfetten von Maschinen, Reinigen von Autoteilen und Vorbereiten von Oberfl\u00e4chen vor dem Lackieren. Seine schnell wirkende Formel dringt tief in Ablagerungen ein und sorgt so f\u00fcr eine schnellere und effizientere Reinigung. GBL-Reiniger ist in verschiedenen Gr\u00f6\u00dfen erh\u00e4ltlich, darunter 2,5 l f\u00fcr den Langzeitgebrauch, und bietet ein hervorragendes Preis-Leistungs-Verh\u00e4ltnis. Ob in der Garage oder Werkstatt \u2013 dieses vielseitige L\u00f6sungsmittel ist eine zuverl\u00e4ssige L\u00f6sung f\u00fcr eine kraftvolle und r\u00fcckstandsfreie Reinigung.     <\/p>\n<hr class=\"\" data-start=\"2720\" data-end=\"2723\">\n<h5 data-start=\"2725\" data-end=\"2778\">\ud83d\uded2 <strong data-start=\"2732\" data-end=\"2778\">Jetzt bestellen \u2013 Smarter reinigen mit unserem GBL Cleaner<\/strong><\/h5>\n<p class=\"\" data-start=\"2780\" data-end=\"3039\">Geben Sie sich nicht mit schwachen, verd\u00fcnnten L\u00f6sungen zufrieden. Entscheiden Sie sich stattdessen f\u00fcr einen GBL Cleaner, der die Arbeit f\u00fcr Sie erledigt. Unsere 2,5-Liter-Flasche bietet Ihnen hochwirksame Reinigung mit langanhaltender Wirkung. Dank des schnellen, europaweiten Versands m\u00fcssen Sie nicht lange warten.   <\/p>\n<p class=\"\" data-start=\"3041\" data-end=\"3225\"><strong data-start=\"3041\" data-end=\"3052\">Kaufen Sie jetzt<\/strong> und \u00fcberzeugen Sie sich selbst, warum Profis und Heimwerker in ganz Europa auf diesen 99 % reinen GBL Cleaner vertrauen. Reinigen Sie intelligenter, schneller und effektiver \u2013 mit nur einer leistungsstarken L\u00f6sung. <\/p>\n","protected":false},"excerpt":{"rendered":"<p>Dieser hochreine <strong data-start=\"190\" data-end=\"205\">GBL-Reiniger<\/strong> (99%) eignet sich perfekt f\u00fcr hartn\u00e4ckige Reinigungsarbeiten im Haushalt und in der Industrie. Er entfernt m\u00fchelos Fett, \u00d6l, Farbe und Flecken von Felgen, Werkzeugen und Oberfl\u00e4chen. Die 2,5-Liter-Flasche bietet langanhaltenden Nutzen, und der schnelle EU-Versand garantiert eine z\u00fcgige Lieferung. Reinigen Sie intelligenter mit einem leistungsstarken GBL-Reiniger, dem ganz Europa vertraut.   <\/p>\n","protected":false},"featured_media":446,"comment_status":"open","ping_status":"closed","template":"","meta":[],"product_brand":[23],"product_cat":[52],"product_tag":[],"class_list":{"0":"post-1056","1":"product","2":"type-product","3":"status-publish","4":"has-post-thumbnail","6":"product_brand-gbl-shop","7":"product_cat-shop","9":"first","10":"instock","11":"taxable","12":"shipping-taxable","13":"product-type-simple"},"_links":{"self":[{"href":"https:\/\/gbl.shop\/de\/wp-json\/wp\/v2\/product\/1056","targetHints":{"allow":["GET"]}}],"collection":[{"href":"https:\/\/gbl.shop\/de\/wp-json\/wp\/v2\/product"}],"about":[{"href":"https:\/\/gbl.shop\/de\/wp-json\/wp\/v2\/types\/product"}],"replies":[{"embeddable":true,"href":"https:\/\/gbl.shop\/de\/wp-json\/wp\/v2\/comments?post=1056"}],"wp:featuredmedia":[{"embeddable":true,"href":"https:\/\/gbl.shop\/de\/wp-json\/wp\/v2\/media\/446"}],"wp:attachment":[{"href":"https:\/\/gbl.shop\/de\/wp-json\/wp\/v2\/media?parent=1056"}],"wp:term":[{"taxonomy":"product_brand","embeddable":true,"href":"https:\/\/gbl.shop\/de\/wp-json\/wp\/v2\/product_brand?post=1056"},{"taxonomy":"product_cat","embeddable":true,"href":"https:\/\/gbl.shop\/de\/wp-json\/wp\/v2\/product_cat?post=1056"},{"taxonomy":"product_tag","embeddable":true,"href":"https:\/\/gbl.shop\/de\/wp-json\/wp\/v2\/product_tag?post=1056"}],"curies":[{"name":"wp","href":"https:\/\/api.w.org\/{rel}","templated":true}]}}