{"id":1060,"date":"2024-08-13T09:09:06","date_gmt":"2024-08-13T09:09:06","guid":{"rendered":"https:\/\/gbl.shop\/purewipe-5l\/"},"modified":"2024-08-13T09:09:06","modified_gmt":"2024-08-13T09:09:06","slug":"purewipe-5l","status":"publish","type":"product","link":"https:\/\/gbl.shop\/de\/produkt\/purewipe-5l\/","title":{"rendered":"PureWipe &#8211; 5L"},"content":{"rendered":"<p class=\"\" data-start=\"120\" data-end=\"182\"><strong data-start=\"120\" data-end=\"182\">GBL online kaufen \u2013 Hochwertiger 5-Liter-GBL-Reiniger f\u00fcr Privatkunden<\/strong><\/p>\n<p class=\"\" data-start=\"184\" data-end=\"788\">Suchen Sie nach einer zuverl\u00e4ssigen M\u00f6glichkeit, GBL online zu kaufen? Dann sind Sie hier genau richtig! Unser 5-Liter-GBL-Reiniger ist die perfekte Wahl f\u00fcr private K\u00e4ufer, die ein bew\u00e4hrtes, hochreines L\u00f6sungsmittel ben\u00f6tigen. Mit einer beeindruckenden Reinheit von 99,9 % liefert dieser Premium-GBL-Reiniger professionelle Reinigungsergebnisse, auf die Sie sich verlassen k\u00f6nnen. Ob Sie hartn\u00e4ckige Fettverschmutzungen entfernen, R\u00e4der restaurieren oder Oberfl\u00e4chen f\u00fcr einen neuen Anstrich vorbereiten \u2013 diese leistungsstarke L\u00f6sung macht die Arbeit einfacher und effektiver. Und das Beste daran? Sie k\u00f6nnen GBL bequem online kaufen und direkt zu Ihnen nach Hause liefern lassen, was Ihnen ein stressfreies Einkaufserlebnis garantiert.      <\/p>\n<hr class=\"\" data-start=\"790\" data-end=\"793\">\n<h3 class=\"\" data-start=\"795\" data-end=\"830\"><strong data-start=\"799\" data-end=\"830\">Darum entscheidet man sich f\u00fcr unseren GBL-Reiniger:<\/strong><\/h3>\n<p class=\"\" data-start=\"832\" data-end=\"1227\"><strong data-start=\"832\" data-end=\"872\">1. Hohe Reinheit f\u00fcr leistungsstarke Ergebnisse::<\/strong><br data-start=\"872\" data-end=\"875\">Wenn Sie sich f\u00fcr unseren 5-Liter-GBL-Reiniger entscheiden, erhalten Sie ein Produkt von unvergleichlicher Qualit\u00e4t. Mit einer Reinheit von 99,9 % ist er wirksamer als minderwertige L\u00f6sungsmittel, sodass Sie schneller hervorragende Reinigungsergebnisse erzielen. Er ist die ideale L\u00f6sung f\u00fcr schwierige Aufgaben wie das Entfernen von Farbe, das Durchdringen von hartn\u00e4ckigem Schmutz und das Wiederherstellen des Glanzes von Automobilteilen.  <\/p>\n<p class=\"\" data-start=\"1229\" data-end=\"1708\"><strong data-start=\"1229\" data-end=\"1287\">2. Vielseitige Verwendbarkeit f\u00fcr alle Ihre Reinigungsanforderungen:<\/strong><br data-start=\"1287\" data-end=\"1290\">Dieser GBL-Reiniger eignet sich perfekt f\u00fcr eine Vielzahl von Reinigungsaufgaben. Ob Sie nun Leichtmetallfelgen bearbeiten, Maschinen entfetten oder hartn\u00e4ckige Flecken von Metall entfernen m\u00f6chten \u2013 dieser Allround-Reiniger erledigt alles mit Leichtigkeit. Sie k\u00f6nnen ihn auch zur Vorbereitung von Oberfl\u00e4chen vor dem Lackieren verwenden, um ein glattes und makelloses Finish zu erzielen. Die Vielseitigkeit dieses Produkts macht es zu einem Muss f\u00fcr Heimwerkgaragen, kleine Werkst\u00e4tten und pers\u00f6nliche DIY-Projekte.   <\/p>\n<hr class=\"\" data-start=\"1710\" data-end=\"1713\">\n<h3 class=\"\" data-start=\"1715\" data-end=\"1758\"><strong data-start=\"1719\" data-end=\"1758\">Die Vorteile des Online-Kaufs von GBL<\/strong><\/h3>\n<p class=\"\" data-start=\"1760\" data-end=\"2177\"><strong data-start=\"1760\" data-end=\"1790\">3. Kosteng\u00fcnstige 5-Liter-Gr\u00f6\u00dfe:<\/strong><br data-start=\"1790\" data-end=\"1793\">Der Online-Kauf von GBL in Gro\u00dfmengen ist eine gute Wahl. Unser gro\u00dfz\u00fcgiger 5-Liter-Beh\u00e4lter bietet reichlich Produkt f\u00fcr vielf\u00e4ltige Verwendungszwecke und spart Ihnen Zeit und Geld. Anstatt h\u00e4ufig nachzukaufen, haben Sie die Reinigungsleistung, die Sie f\u00fcr jedes Projekt ben\u00f6tigen, immer griffbereit. Dank des gr\u00f6\u00dferen Volumens k\u00f6nnen Sie das Produkt auch f\u00fcr leichtere Aufgaben mischen und so den Wert jedes Kaufs weiter steigern.   <\/p>\n<p class=\"\" data-start=\"2179\" data-end=\"2613\"><strong data-start=\"2179\" data-end=\"2226\">4. Komfortable Online-Bestellung und sichere Zahlungsabwicklung:<\/strong><br data-start=\"2226\" data-end=\"2229\">Einer der gr\u00f6\u00dften Vorteile unseres Reinigers ist die leichte und komfortable Bestellung von GBL online. Legen Sie einfach den 5-Liter-GBL-Reiniger in Ihren Warenkorb, schlie\u00dfen Sie unseren sicheren Bestellvorgang ab, und wir k\u00fcmmern uns um den Rest. Sie k\u00f6nnen beruhigt einkaufen, da Ihre Zahlungsdaten durch eine Verschl\u00fcsselung nach Industriestandard gesch\u00fctzt sind und unser optimiertes Bestellsystem den Vorgang schnell und unkompliziert macht.  <\/p>\n<p class=\"\" data-start=\"2615\" data-end=\"3004\"><strong data-start=\"2615\" data-end=\"2649\">5. Schneller und zuverl\u00e4ssiger Versand:<\/strong><br data-start=\"2649\" data-end=\"2652\">Wir wissen, wie wichtig es ist, dass Sie Ihr Produkt schnell erhalten. Deshalb bieten wir unseren Privatk\u00e4ufern schnellen Versand. Sobald Ihre Bestellung best\u00e4tigt ist, sorgen wir daf\u00fcr, dass Ihr GBL-Reiniger sicher verpackt und so schnell wie m\u00f6glich versandt wird. Dank der Sendungsverfolgungsinformationen k\u00f6nnen Sie Ihre Lieferung \u00fcberwachen und wissen genau, wann sie ankommen wird.   <\/p>\n<hr class=\"\" data-start=\"3006\" data-end=\"3009\">\n<h3 class=\"\" data-start=\"3011\" data-end=\"3038\"><strong data-start=\"3015\" data-end=\"3038\">Warum GBL online kaufen?<\/strong><\/h3>\n<p class=\"\" data-start=\"3040\" data-end=\"3479\">Der Online-Kauf von GBL bietet Ihnen unvergleichlichen Komfort. Anstatt lokale Gesch\u00e4fte zu durchsuchen oder sich mit Zwischenh\u00e4ndlern herumzuschlagen, k\u00f6nnen Sie direkt zur Quelle gehen. Wenn Sie \u00fcber unsere Website kaufen, erhalten Sie direkten Zugang zu einem hochwertigen Produkt ohne unn\u00f6tige Zwischenschritte. Das spart Ihnen nicht nur Zeit, sondern stellt auch sicher, dass Sie genau das bekommen, was Sie brauchen: einen 99,9 % reinen GBL-Reiniger, der jedes Mal zuverl\u00e4ssige, professionelle Ergebnisse liefert.   <\/p>\n<hr class=\"\" data-start=\"3481\" data-end=\"3484\">\n<h3 class=\"\" data-start=\"3486\" data-end=\"3515\"><strong data-start=\"3490\" data-end=\"3515\">Sicherheit und Konformit\u00e4t<\/strong><\/h3>\n<p class=\"\" data-start=\"3517\" data-end=\"3946\">Bitte beachten Sie, dass dieses Produkt ausschlie\u00dflich f\u00fcr Reinigungszwecke bestimmt ist. Befolgen Sie bei der Handhabung von GBL stets die entsprechenden Sicherheitsvorschriften, einschlie\u00dflich des Tragens von Schutzhandschuhen und der Gew\u00e4hrleistung einer guten Bel\u00fcftung. Stellen Sie au\u00dferdem sicher, dass Sie alle \u00f6rtlichen Vorschriften bez\u00fcglich des Kaufs, des Besitzes und der Verwendung dieses Produkts einhalten. Wenn Sie diese Ma\u00dfnahmen beachten, k\u00f6nnen Sie die Vorteile unseres GBL-Reinigers sicher und verantwortungsbewusst in vollem Umfang nutzen.   <\/p>\n<hr class=\"\" data-start=\"3948\" data-end=\"3951\">\n<h3 class=\"\" data-start=\"3953\" data-end=\"3997\"><strong data-start=\"3957\" data-end=\"3997\">Bestellen Sie Ihren GBL-Reiniger noch heute online!<\/strong><\/h3>\n<p class=\"\" data-start=\"3999\" data-end=\"4527\">Sind Sie bereit, die Kraft unseres 5-Liter-GBL-Reinigers zu erfahren? Warten Sie nicht l\u00e4nger \u2013 bestellen Sie noch heute und erfahren Sie, warum so viele Privatkunden sich daf\u00fcr entscheiden, GBL online bei uns zu kaufen. Dank hoher Reinheit, vielseitigen Anwendungsm\u00f6glichkeiten und sicherer Bestellung war es noch nie so einfach, die gew\u00fcnschten professionellen Ergebnisse zu erzielen. Ganz gleich, ob Sie an einem kleinen Projekt arbeiten oder eine gro\u00dfe Aufgabe bew\u00e4ltigen m\u00fcssen, unser GBL-Reiniger verf\u00fcgt \u00fcber die Kraft und Zuverl\u00e4ssigkeit, um Ihre Reinigungsaufgaben m\u00fchelos zu erledigen. Kaufen Sie jetzt und \u00fcberlassen Sie uns den Rest \u2013 Ihr 5-Liter-GBL-Reiniger ist nur wenige Klicks entfernt!    <\/p>\n","protected":false},"excerpt":{"rendered":"<p class=\"\" data-start=\"0\" data-end=\"44\"><strong data-start=\"0\" data-end=\"44\">GBL Online kaufen \u2013 5L Reiniger (99.9% rein)<\/strong><\/p>\n<p class=\"\" data-start=\"46\" data-end=\"301\">Entdecken Sie einen 99,9 % reinen GBL-Reiniger, ideal f\u00fcr Privatkunden. Dieser Reiniger eignet sich perfekt zum Entfernen von Fett, \u00d6l, Farbe und hartn\u00e4ckigen Flecken. Die 5-Liter-Packung bietet ein hervorragendes Preis-Leistungs-Verh\u00e4ltnis und ist besonders praktisch. Bestellen Sie noch heute und genie\u00dfen Sie professionelle Reinigungsqualit\u00e4t direkt vor Ihrer Haust\u00fcr!  <\/p>\n","protected":false},"featured_media":447,"comment_status":"open","ping_status":"closed","template":"","meta":[],"product_brand":[],"product_cat":[52],"product_tag":[],"class_list":{"0":"post-1060","1":"product","2":"type-product","3":"status-publish","4":"has-post-thumbnail","6":"product_cat-shop","8":"first","9":"instock","10":"taxable","11":"shipping-taxable","12":"product-type-simple"},"_links":{"self":[{"href":"https:\/\/gbl.shop\/de\/wp-json\/wp\/v2\/product\/1060","targetHints":{"allow":["GET"]}}],"collection":[{"href":"https:\/\/gbl.shop\/de\/wp-json\/wp\/v2\/product"}],"about":[{"href":"https:\/\/gbl.shop\/de\/wp-json\/wp\/v2\/types\/product"}],"replies":[{"embeddable":true,"href":"https:\/\/gbl.shop\/de\/wp-json\/wp\/v2\/comments?post=1060"}],"wp:featuredmedia":[{"embeddable":true,"href":"https:\/\/gbl.shop\/de\/wp-json\/wp\/v2\/media\/447"}],"wp:attachment":[{"href":"https:\/\/gbl.shop\/de\/wp-json\/wp\/v2\/media?parent=1060"}],"wp:term":[{"taxonomy":"product_brand","embeddable":true,"href":"https:\/\/gbl.shop\/de\/wp-json\/wp\/v2\/product_brand?post=1060"},{"taxonomy":"product_cat","embeddable":true,"href":"https:\/\/gbl.shop\/de\/wp-json\/wp\/v2\/product_cat?post=1060"},{"taxonomy":"product_tag","embeddable":true,"href":"https:\/\/gbl.shop\/de\/wp-json\/wp\/v2\/product_tag?post=1060"}],"curies":[{"name":"wp","href":"https:\/\/api.w.org\/{rel}","templated":true}]}}