{"id":1071,"date":"2025-02-26T10:01:47","date_gmt":"2025-02-26T10:01:47","guid":{"rendered":"https:\/\/gbl.shop\/politica-de-devoluciones-y-reembolsos\/"},"modified":"2026-01-28T11:38:16","modified_gmt":"2026-01-28T11:38:16","slug":"politica-de-devoluciones-y-reembolsos","status":"publish","type":"page","link":"https:\/\/gbl.shop\/es\/politica-de-devoluciones-y-reembolsos\/","title":{"rendered":"Pol\u00edtica de devoluciones y reembolsos"},"content":{"rendered":"&#13;\n<p><strong><span lang=\"en-GB\">Fecha de entrada en vigor:<\/span><\/strong> <span lang=\"en-GB\">1 de enero de 2025<\/span><\/p>&#13;\n<p><span lang=\"en-GB\">En <\/span><strong><span lang=\"en-GB\">gbl.shop<\/span><\/strong><span lang=\"en-GB\"> queremos que quedes completamente satisfecho con tu compra. Si no es as\u00ed, estamos aqu\u00ed para ayudarte.<\/span><\/p>&#13;\n<hr\/>&#13;\n<h3 class=\"western\" lang=\"en-GB\">1. Right of Withdrawal (14 Days \u2013 EU Law)<\/h3>&#13;\n<p><span lang=\"en-GB\">De acuerdo con las <\/span><strong><span lang=\"en-GB\">leyes de protecci\u00f3n al consumidor de la UE<\/span><\/strong><span lang=\"en-GB\">, puede devolver su pedido en un plazo de <\/span><strong><span lang=\"en-GB\">14 d\u00edas naturales<\/span><\/strong><span lang=\"en-GB\"> a partir de la recepci\u00f3n de los productos.<\/span><\/p>&#13;\n<p lang=\"en-GB\">Para solicitar una devoluci\u00f3n:<\/p>&#13;\n<ol>&#13;\n<li>&#13;\n<p><span lang=\"en-GB\">Env\u00ede un correo electr\u00f3nico al <\/span><strong><span lang=\"en-GB\">contact@gbl.shop<\/span><\/strong><span lang=\"en-GB\"> con su n\u00famero de pedido<\/span><\/p>&#13;\n<\/li>&#13;\n<li>&#13;\n<p lang=\"en-GB\">Devuelva el art\u00edculo sin usar, sin abrir y en su estado original.<\/p>&#13;\n<\/li>&#13;\n<li>&#13;\n<p lang=\"en-GB\">Adjunte una copia de su confirmaci\u00f3n de pedido.<\/p>&#13;\n<\/li>&#13;\n<\/ol>&#13;\n<p lang=\"en-GB\">La direcci\u00f3n de devoluci\u00f3n ser\u00e1 facilitada por el agente de asistencia.<\/p>&#13;\n<hr\/>&#13;\n<h3 class=\"western\" lang=\"en-GB\">2. Return Conditions<\/h3>&#13;\n<p lang=\"en-GB\">\u2705 El producto debe estar sin usar, sin abrir y en su embalaje original<br\/>\u2705 La devoluci\u00f3n debe iniciarse en un plazo de 14 d\u00edas a partir de la recepci\u00f3n<br\/>\u274c Los productos qu\u00edmicos abiertos o usados no se pueden cambiar, salvo que sean defectuosos<br\/>\u274c Los art\u00edculos hechos a medida o fabricados por encargo no se pueden devolver<\/p>&#13;\n<hr\/>&#13;\n<h3 class=\"western\" lang=\"en-GB\">3. Refunds<\/h3>&#13;\n<p><span lang=\"en-GB\">Una vez comprobados los art\u00edculos devueltos, tramitaremos su reembolso en un plazo de <\/span><strong><span lang=\"en-GB\">14 d\u00edas<\/span><\/strong><span lang=\"en-GB\"> <\/span><span lang=\"en-GB\">a trav\u00e9s del m\u00e9todo de pago inicial. Se aplicar\u00e1n gastos de tramitaci\u00f3n. No se reembolsar\u00e1n los gastos de env\u00edo, salvo que los art\u00edculos fueran defectuosos o se entregaran por error. <\/span> <\/p>&#13;\n<hr\/>&#13;\n<h3 class=\"western\" lang=\"en-GB\">4. Damaged or Incorrect Items<\/h3>&#13;\n<p><span lang=\"en-GB\">Si ha recibido un art\u00edculo incorrecto o su producto ha llegado da\u00f1ado, env\u00edenos un mensaje por correo electr\u00f3nico a <\/span><strong><span lang=\"en-GB\">contact@gbl.shop<\/span><\/strong><span lang=\"en-GB\"> within <\/span><strong><span lang=\"en-GB\">3 dias<\/span><\/strong><span lang=\"en-GB\"> tras la entrega. Adjunte fotos del paquete da\u00f1ado o del producto incorrecto.<\/span><\/p>&#13;\n<p lang=\"en-GB\">Dependiendo del caso, le enviaremos un art\u00edculo de sustituci\u00f3n.<\/p>&#13;\n<hr\/>&#13;\n<h3 class=\"western\" lang=\"en-GB\">5. Questions?<\/h3>&#13;\n<p lang=\"en-GB\">Si tiene alguna pregunta sobre devoluciones o reembolsos, p\u00f3ngase en contacto con nuestro servicio de atenci\u00f3n al cliente en la siguiente direcci\u00f3n:<\/p>&#13;\n<p>\ud83d\udce7 <strong><span lang=\"en-GB\">Email:<\/span><\/strong><span lang=\"en-GB\"> contact@gbl.shop<br\/>\ud83c\udf10 <\/span><strong><span lang=\"en-GB\">Website:<\/span><\/strong><span lang=\"en-GB\"> <a href=\"https:\/\/gbl.shop\/es\/\" target=\"_new\">https:\/\/gbl.shop<\/a><\/span><\/p>&#13;\n","protected":false},"excerpt":{"rendered":"<p>&#13; Fecha de entrada en vigor: 1 de enero de 2025 &#13; En gbl.shop queremos que quedes completamente satisfecho con tu compra. Si no es as\u00ed, estamos aqu\u00ed para ayudarte. &#13; &#13; 1. Right of Withdrawal (14 Days \u2013 EU Law) &#13; De acuerdo con las leyes de protecci\u00f3n al consumidor de la UE, puede [&hellip;]<\/p>\n","protected":false},"author":1,"featured_media":0,"parent":0,"menu_order":0,"comment_status":"closed","ping_status":"closed","template":"","meta":{"footnotes":""},"class_list":["post-1071","page","type-page","status-publish","hentry"],"blocksy_meta":[],"_links":{"self":[{"href":"https:\/\/gbl.shop\/es\/wp-json\/wp\/v2\/pages\/1071","targetHints":{"allow":["GET"]}}],"collection":[{"href":"https:\/\/gbl.shop\/es\/wp-json\/wp\/v2\/pages"}],"about":[{"href":"https:\/\/gbl.shop\/es\/wp-json\/wp\/v2\/types\/page"}],"author":[{"embeddable":true,"href":"https:\/\/gbl.shop\/es\/wp-json\/wp\/v2\/users\/1"}],"replies":[{"embeddable":true,"href":"https:\/\/gbl.shop\/es\/wp-json\/wp\/v2\/comments?post=1071"}],"version-history":[{"count":1,"href":"https:\/\/gbl.shop\/es\/wp-json\/wp\/v2\/pages\/1071\/revisions"}],"predecessor-version":[{"id":1072,"href":"https:\/\/gbl.shop\/es\/wp-json\/wp\/v2\/pages\/1071\/revisions\/1072"}],"wp:attachment":[{"href":"https:\/\/gbl.shop\/es\/wp-json\/wp\/v2\/media?parent=1071"}],"curies":[{"name":"wp","href":"https:\/\/api.w.org\/{rel}","templated":true}]}}