{"id":969,"date":"2024-08-13T09:09:06","date_gmt":"2024-08-13T09:09:06","guid":{"rendered":"https:\/\/gbl.shop\/purewipe-5-l\/"},"modified":"2026-01-27T12:58:08","modified_gmt":"2026-01-27T12:58:08","slug":"purewipe-5-l","status":"publish","type":"product","link":"https:\/\/gbl.shop\/es\/producto\/purewipe-5-l\/","title":{"rendered":"PureWipe &#8211; 5 L"},"content":{"rendered":"<p class=\"\" data-start=\"120\" data-end=\"182\"><strong data-start=\"120\" data-end=\"182\">Comprar GBL online \u2013 Limpiador GBL pr\u00e9mium de 5 L para compradores particulares<\/strong><\/p>\n<p class=\"\" data-start=\"184\" data-end=\"788\">\u00bfBusca una forma fiable de comprar GBL online? \u00a1No busque m\u00e1s! Nuestro limpiador GBL de 5 L es la opci\u00f3n perfecta para compradores particulares que necesitan un disolvente de alta pureza y de confianza. Con un impresionante <strong data-start=\"367\" data-end=\"389\">nivel de pureza del 99,9 %<\/strong>, este limpiador GBL pr\u00e9mium ofrece resultados de limpieza de calidad profesional con los que puede contar. Tanto si se enfrenta a grasa dif\u00edcil, restaura ruedas o prepara superficies para una nueva capa de pintura, esta potente soluci\u00f3n facilita el trabajo y lo hace m\u00e1s eficaz. \u00bfY lo mejor de todo? Puede comprar GBL online c\u00f3modamente y recibirlo directamente en su puerta, lo que garantiza una experiencia de compra sin complicaciones.      <\/p>\n<hr class=\"\" data-start=\"790\" data-end=\"793\">\n<h3 class=\"\" data-start=\"795\" data-end=\"830\"><strong data-start=\"799\" data-end=\"830\">\u00bfPor qu\u00e9 elegir nuestro limpiador GBL?<\/strong><\/h3>\n<p class=\"\" data-start=\"832\" data-end=\"1227\"><strong data-start=\"832\" data-end=\"872\">1. Alta pureza para obtener resultados potentes:<\/strong><br data-start=\"872\" data-end=\"875\">Cuando elige nuestro limpiador GBL de 5 L, obtiene un producto con una calidad inigualable. La <strong data-start=\"967\" data-end=\"983\">pureza del 99,9 %<\/strong> significa que es m\u00e1s eficaz que los disolventes de menor calidad, lo que le permite lograr resultados de limpieza superiores m\u00e1s r\u00e1pido. Es la soluci\u00f3n ideal para trabajos dif\u00edciles como eliminar pintura, eliminar la suciedad acumulada y restaurar el brillo de las piezas de autom\u00f3viles.  <\/p>\n<p class=\"\" data-start=\"1229\" data-end=\"1708\"><strong data-start=\"1229\" data-end=\"1287\">2. Aplicaciones vers\u00e1tiles para todas sus necesidades de limpieza:<\/strong><br data-start=\"1287\" data-end=\"1290\">Este limpiador GBL es perfecto para una amplia gama de tareas de limpieza. Tanto si trabaja en llantas de aleaci\u00f3n, desengrasa maquinaria o elimina manchas dif\u00edciles de metal, este limpiador todo en uno lo hace con facilidad. Tambi\u00e9n puede utilizarlo para preparar superficies antes de pintar, lo que garantiza un acabado liso e impecable. La versatilidad de este producto lo convierte en un imprescindible para garajes dom\u00e9sticos, peque\u00f1os talleres y proyectos de bricolaje personales.   <\/p>\n<hr class=\"\" data-start=\"1710\" data-end=\"1713\">\n<h3 class=\"\" data-start=\"1715\" data-end=\"1758\"><strong data-start=\"1719\" data-end=\"1758\">Las ventajas de comprar GBL online<\/strong><\/h3>\n<p class=\"\" data-start=\"1760\" data-end=\"2177\"><strong data-start=\"1760\" data-end=\"1790\">3. Tama\u00f1o de 5 L rentable:<\/strong><br data-start=\"1790\" data-end=\"1793\">Comprar GBL online a granel es una opci\u00f3n inteligente. Nuestro generoso envase de 5 litros ofrece una gran cantidad de producto para m\u00faltiples usos, lo que le ahorra tiempo y dinero. En lugar de quedarse sin producto y tener que volver a pedirlo con frecuencia, tendr\u00e1 la potencia de limpieza que necesita a mano para cada proyecto. Este mayor volumen tambi\u00e9n le permite mezclarlo para tareas m\u00e1s ligeras, lo que aumenta a\u00fan m\u00e1s el valor que obtiene de cada compra.   <\/p>\n<p class=\"\" data-start=\"2179\" data-end=\"2613\"><strong data-start=\"2179\" data-end=\"2226\">4. Pedidos online sencillos y pago seguro:<\/strong><br data-start=\"2226\" data-end=\"2229\">Una de las mayores ventajas de elegir nuestro limpiador es lo sencillo que es comprar GBL online. Solo tiene que a\u00f1adir el limpiador GBL de 5 L a su cesta, completar nuestro proceso de pago seguro y nosotros nos encargaremos del resto. Puede comprar con confianza sabiendo que sus datos de pago est\u00e1n protegidos por un cifrado est\u00e1ndar del sector, y nuestro sistema de pedidos optimizado hace que el proceso sea r\u00e1pido y sin complicaciones.  <\/p>\n<p class=\"\" data-start=\"2615\" data-end=\"3004\"><strong data-start=\"2615\" data-end=\"2649\">5. Env\u00edo r\u00e1pido y fiable:<\/strong><br data-start=\"2649\" data-end=\"2652\">Entendemos lo importante que es recibir su producto con prontitud. Por eso ofrecemos un env\u00edo r\u00e1pido a compradores particulares. Una vez que se confirma su pedido, trabajamos r\u00e1pidamente para garantizar que su limpiador GBL se empaquete de forma segura y se env\u00ede lo antes posible. Adem\u00e1s, con la informaci\u00f3n de seguimiento proporcionada, puede supervisar su env\u00edo y saber exactamente cu\u00e1ndo llegar\u00e1.   <\/p>\n<hr class=\"\" data-start=\"3006\" data-end=\"3009\">\n<h3 class=\"\" data-start=\"3011\" data-end=\"3038\"><strong data-start=\"3015\" data-end=\"3038\">\u00bfPor qu\u00e9 comprar GBL online?<\/strong><\/h3>\n<p class=\"\" data-start=\"3040\" data-end=\"3479\">Comprar GBL online ofrece una comodidad inigualable. En lugar de buscar en tiendas locales o tratar con intermediarios, puede ir directamente a la fuente. Cuando compra a trav\u00e9s de nuestro sitio web, obtiene acceso directo a un producto de alta calidad sin ning\u00fan paso innecesario. Esto no solo le ahorra tiempo, sino que tambi\u00e9n le garantiza que est\u00e1 obteniendo exactamente lo que necesita: un limpiador GBL 99,9 % puro que ofrece resultados fiables y de nivel profesional en todo momento.   <\/p>\n<hr class=\"\" data-start=\"3481\" data-end=\"3484\">\n<h3 class=\"\" data-start=\"3486\" data-end=\"3515\"><strong data-start=\"3490\" data-end=\"3515\">Seguridad y cumplimiento<\/strong><\/h3>\n<p class=\"\" data-start=\"3517\" data-end=\"3946\">Recuerde que este producto est\u00e1 destinado \u00fanicamente a fines de limpieza. Siga siempre las pautas de seguridad adecuadas al manipular GBL, incluido el uso de guantes protectores y garantizar una buena ventilaci\u00f3n. Adem\u00e1s, aseg\u00farese de cumplir con todas las regulaciones locales con respecto a la compra, posesi\u00f3n y uso de este producto. Al tomar estas medidas, podr\u00e1 disfrutar de todos los beneficios de nuestro limpiador GBL de forma segura y responsable.   <\/p>\n<hr class=\"\" data-start=\"3948\" data-end=\"3951\">\n<h3 class=\"\" data-start=\"3953\" data-end=\"3997\"><strong data-start=\"3957\" data-end=\"3997\">\u00a1Pida su limpiador GBL online hoy mismo!<\/strong><\/h3>\n<p class=\"\" data-start=\"3999\" data-end=\"4527\">\u00bfListo para experimentar el poder de limpieza de nuestro limpiador GBL de 5 L? No espere: haga su pedido hoy mismo y compruebe por qu\u00e9 tantos compradores particulares eligen comprarnos GBL online. Con alta pureza, aplicaciones vers\u00e1tiles y pedidos seguros, nunca ha sido tan f\u00e1cil obtener los resultados profesionales que necesita. Tanto si est\u00e1 trabajando en un proyecto peque\u00f1o como si se enfrenta a un trabajo grande, nuestro limpiador GBL tiene la fuerza y la fiabilidad para que sus tareas de limpieza sean sencillas. Compre ahora y d\u00e9jenos encargarnos del resto: \u00a1su limpiador GBL de 5 L est\u00e1 a solo unos clics de distancia!    <\/p>\n","protected":false},"excerpt":{"rendered":"<p class=\"\" data-start=\"0\" data-end=\"44\"><strong data-start=\"0\" data-end=\"44\">Comprar GBL online \u2013 Limpiador de 5 L (99,9 % puro)<\/strong><\/p>\n<p class=\"\" data-start=\"46\" data-end=\"301\">Descubra un limpiador GBL 99,9 % puro, ideal para compradores particulares. Perfecto para eliminar grasa, aceite, pintura y manchas dif\u00edciles, este tama\u00f1o de 5 L ofrece una excelente relaci\u00f3n calidad-precio y comodidad. \u00a1Haga su pedido hoy mismo y disfrute de una limpieza de calidad profesional entregada directamente en su puerta!  <\/p>\n","protected":false},"featured_media":447,"comment_status":"open","ping_status":"closed","template":"","meta":[],"product_brand":[],"product_cat":[49],"product_tag":[],"class_list":{"0":"post-969","1":"product","2":"type-product","3":"status-publish","4":"has-post-thumbnail","6":"product_cat-comprar","8":"first","9":"instock","10":"taxable","11":"shipping-taxable","12":"product-type-simple"},"_links":{"self":[{"href":"https:\/\/gbl.shop\/es\/wp-json\/wp\/v2\/product\/969","targetHints":{"allow":["GET"]}}],"collection":[{"href":"https:\/\/gbl.shop\/es\/wp-json\/wp\/v2\/product"}],"about":[{"href":"https:\/\/gbl.shop\/es\/wp-json\/wp\/v2\/types\/product"}],"replies":[{"embeddable":true,"href":"https:\/\/gbl.shop\/es\/wp-json\/wp\/v2\/comments?post=969"}],"wp:featuredmedia":[{"embeddable":true,"href":"https:\/\/gbl.shop\/es\/wp-json\/wp\/v2\/media\/447"}],"wp:attachment":[{"href":"https:\/\/gbl.shop\/es\/wp-json\/wp\/v2\/media?parent=969"}],"wp:term":[{"taxonomy":"product_brand","embeddable":true,"href":"https:\/\/gbl.shop\/es\/wp-json\/wp\/v2\/product_brand?post=969"},{"taxonomy":"product_cat","embeddable":true,"href":"https:\/\/gbl.shop\/es\/wp-json\/wp\/v2\/product_cat?post=969"},{"taxonomy":"product_tag","embeddable":true,"href":"https:\/\/gbl.shop\/es\/wp-json\/wp\/v2\/product_tag?post=969"}],"curies":[{"name":"wp","href":"https:\/\/api.w.org\/{rel}","templated":true}]}}