{"id":971,"date":"2024-08-13T09:08:52","date_gmt":"2024-08-13T09:08:52","guid":{"rendered":"https:\/\/gbl.shop\/purewipe-cleaner-25-l\/"},"modified":"2026-01-26T15:08:19","modified_gmt":"2026-01-26T15:08:19","slug":"purewipe-cleaner-25-l","status":"publish","type":"product","link":"https:\/\/gbl.shop\/es\/producto\/purewipe-cleaner-25-l\/","title":{"rendered":"PureWipe Cleaner 2,5 L"},"content":{"rendered":"<h2 data-start=\"327\" data-end=\"402\"><strong data-start=\"331\" data-end=\"402\">Limpiador GBL de 2,5 L: 99 % puro para una limpieza potente en el hogar y la industria<\/strong><\/h2>\n<p class=\"\" data-start=\"404\" data-end=\"837\">Si est\u00e1 buscando una soluci\u00f3n de limpieza fuerte y confiable, nuestro <strong data-start=\"471\" data-end=\"486\">limpiador GBL<\/strong> es la elecci\u00f3n perfecta. Con una <strong data-start=\"515\" data-end=\"529\">pureza del 99 %<\/strong>, ofrece resultados potentes para una amplia gama de trabajos de limpieza. El limpiador se presenta como un l\u00edquido transparente e incoloro, un signo de su alta calidad y eficacia. Ya sea que est\u00e9 limpiando en casa o trabajando en un entorno industrial, este limpiador GBL de 2,5 L le brinda la potencia que necesita para limpiar mejor y m\u00e1s r\u00e1pido.   <\/p>\n<p class=\"\" data-start=\"839\" data-end=\"1242\">Puede usarlo para eliminar grasa, aceite, manchas, pegamento, pintura e incluso grafitis. De hecho, funciona en muchas superficies como metal, pl\u00e1stico y goma. Esto lo hace ideal para ruedas de coche, piezas de motor, herramientas industriales y superficies de taller. Muchos clientes tambi\u00e9n utilizan este <strong data-start=\"1105\" data-end=\"1120\">limpiador GBL<\/strong> para decapar pintura o limpiar superficies antes de aplicar revestimientos. Dado que act\u00faa r\u00e1pidamente, le ayuda a ahorrar tiempo y esfuerzo.    <\/p>\n<hr class=\"\" data-start=\"1244\" data-end=\"1247\">\n<h4 data-start=\"1249\" data-end=\"1291\">\u2705 <strong data-start=\"1255\" data-end=\"1291\">\u00bfPor qu\u00e9 elegir nuestro limpiador GBL de 2,5 L?<\/strong><\/h4>\n<ul data-start=\"1293\" data-end=\"2184\">\n<li class=\"\" data-start=\"1293\" data-end=\"1448\">\n<p class=\"\" data-start=\"1295\" data-end=\"1448\"><strong data-start=\"1295\" data-end=\"1314\">99 % de alta pureza<\/strong>: en primer lugar, obtiene un poder de limpieza puro sin rellenos innecesarios. Solo ingredientes activos que trabajan duro desde el primer uso. <\/p>\n<\/li>\n<li class=\"\" data-start=\"1449\" data-end=\"1650\">\n<p class=\"\" data-start=\"1451\" data-end=\"1650\"><strong data-start=\"1451\" data-end=\"1471\">Funciona en todas partes<\/strong>: ya sea que est\u00e9 en casa, en un garaje o en una instalaci\u00f3n industrial, este limpiador se adapta a todos los entornos. Puede limpiar maquinaria, herramientas, piezas de autom\u00f3viles o preparar superficies con facilidad. <\/p>\n<\/li>\n<li class=\"\" data-start=\"1651\" data-end=\"1829\">\n<p class=\"\" data-start=\"1653\" data-end=\"1829\"><strong data-start=\"1653\" data-end=\"1679\">Tama\u00f1o grande, mejor valor<\/strong>: con 2,5 litros, siempre tendr\u00e1 suficiente limpiador a mano. Adem\u00e1s, puede diluirlo con agua para tareas m\u00e1s ligeras, lo que lo hace a\u00fan m\u00e1s econ\u00f3mico. <\/p>\n<\/li>\n<li class=\"\" data-start=\"1830\" data-end=\"1976\">\n<p class=\"\" data-start=\"1832\" data-end=\"1976\"><strong data-start=\"1832\" data-end=\"1856\">Ahorra tiempo y dinero<\/strong>: debido a su fuerza y volumen, usar\u00e1 menos producto por trabajo. Esto significa menos reordenamientos y resultados m\u00e1s r\u00e1pidos. <\/p>\n<\/li>\n<li class=\"\" data-start=\"1977\" data-end=\"2184\">\n<p class=\"\" data-start=\"1979\" data-end=\"2184\"><strong data-start=\"1979\" data-end=\"2010\">Env\u00edo r\u00e1pido y fiable a la UE<\/strong>: enviamos a toda Europa de forma r\u00e1pida y segura. En la mayor\u00eda de los casos, enviamos su pedido en un plazo de 24 horas. Tambi\u00e9n obtendr\u00e1 un seguimiento para seguir su entrega desde nuestra puerta hasta la suya.  <\/p>\n<\/li>\n<\/ul>\n<hr class=\"\" data-start=\"2186\" data-end=\"2189\">\n<p class=\"\" data-start=\"2191\" data-end=\"2493\">Gracias a su fuerza, tama\u00f1o y flexibilidad, este <strong data-start=\"2243\" data-end=\"2258\">limpiador GBL<\/strong> se ha convertido en una soluci\u00f3n de referencia tanto para uso personal como profesional. Es f\u00e1cil de usar, pero lo suficientemente resistente para trabajos de limpieza serios. Ya sea que est\u00e9 abordando la grasa acumulada o decapando pintura vieja, hace el trabajo sin concesiones.  <\/p>\n<p class=\"\" data-start=\"2495\" data-end=\"2718\">\u00daselo para el mantenimiento de autom\u00f3viles, la limpieza de maquinaria, la preparaci\u00f3n de metales o la limpieza profunda del hogar. Adem\u00e1s, su f\u00f3rmula fuerte y alta pureza lo hacen ideal para tareas m\u00e1s exigentes, donde los limpiadores est\u00e1ndar simplemente no funcionan. <\/p>\n<p>Un  <strong data-start=\"120\" data-end=\"135\">Limpiador GBL<\/strong>  es un disolvente muy eficaz que se utiliza para eliminar grasa, aceite, adhesivos, pintura y otros residuos dif\u00edciles. Con una pureza t\u00edpica del 99 %, es ideal tanto para aplicaciones de limpieza industriales como dom\u00e9sticas. Los profesionales utilizan el limpiador GBL para desengrasar maquinaria, limpiar piezas de autom\u00f3viles y preparar superficies antes de pintar. Su f\u00f3rmula de acci\u00f3n r\u00e1pida penetra profundamente en la acumulaci\u00f3n, lo que hace que la limpieza sea m\u00e1s r\u00e1pida y eficiente. Disponible en varios tama\u00f1os, incluido 2,5 L para uso a largo plazo, el limpiador GBL ofrece un gran valor y rendimiento. Ya sea que est\u00e9 trabajando en un garaje o taller, este vers\u00e1til disolvente es una soluci\u00f3n confiable para una limpieza potente y sin residuos.     <\/p>\n<hr class=\"\" data-start=\"2720\" data-end=\"2723\">\n<h5 data-start=\"2725\" data-end=\"2778\">\ud83d\uded2 <strong data-start=\"2732\" data-end=\"2778\">Haga su pedido ahora: limpie de forma m\u00e1s inteligente con el limpiador GBL<\/strong><\/h5>\n<p class=\"\" data-start=\"2780\" data-end=\"3039\">No se conforme con soluciones d\u00e9biles y diluidas. En su lugar, elija un <strong data-start=\"2845\" data-end=\"2860\">limpiador GBL<\/strong> que trabaje duro para que usted no tenga que hacerlo. Nuestra botella de 2,5 L le brinda una limpieza de alto rendimiento con un valor duradero. Y con el env\u00edo r\u00e1pido a toda Europa, no se quedar\u00e1 esperando.   <\/p>\n<p class=\"\" data-start=\"3041\" data-end=\"3225\"><strong data-start=\"3041\" data-end=\"3052\">Compre ahora<\/strong> y vea por qu\u00e9 este limpiador GBL puro al 99 % es de confianza para profesionales y usuarios de bricolaje en toda Europa. Limpie de forma m\u00e1s inteligente, r\u00e1pida y eficaz, todo con una potente soluci\u00f3n. <\/p>\n","protected":false},"excerpt":{"rendered":"<p>Este <strong data-start=\"190\" data-end=\"205\">limpiador GBL<\/strong> de alta pureza (99 %) es perfecto para trabajos de limpieza dif\u00edciles en el hogar o en entornos industriales. Elimine f\u00e1cilmente grasa, aceite, pintura y manchas de ruedas, herramientas y superficies. El tama\u00f1o de 2,5 L ofrece un valor duradero, y el env\u00edo r\u00e1pido a la UE garantiza una entrega r\u00e1pida. Limpie de forma m\u00e1s inteligente con un potente limpiador GBL en el que conf\u00edan en toda Europa.   <\/p>\n","protected":false},"featured_media":446,"comment_status":"open","ping_status":"closed","template":"","meta":[],"product_brand":[23],"product_cat":[49],"product_tag":[],"class_list":{"0":"post-971","1":"product","2":"type-product","3":"status-publish","4":"has-post-thumbnail","6":"product_brand-gbl-shop","7":"product_cat-comprar","9":"first","10":"instock","11":"taxable","12":"shipping-taxable","13":"product-type-simple"},"_links":{"self":[{"href":"https:\/\/gbl.shop\/es\/wp-json\/wp\/v2\/product\/971","targetHints":{"allow":["GET"]}}],"collection":[{"href":"https:\/\/gbl.shop\/es\/wp-json\/wp\/v2\/product"}],"about":[{"href":"https:\/\/gbl.shop\/es\/wp-json\/wp\/v2\/types\/product"}],"replies":[{"embeddable":true,"href":"https:\/\/gbl.shop\/es\/wp-json\/wp\/v2\/comments?post=971"}],"wp:featuredmedia":[{"embeddable":true,"href":"https:\/\/gbl.shop\/es\/wp-json\/wp\/v2\/media\/446"}],"wp:attachment":[{"href":"https:\/\/gbl.shop\/es\/wp-json\/wp\/v2\/media?parent=971"}],"wp:term":[{"taxonomy":"product_brand","embeddable":true,"href":"https:\/\/gbl.shop\/es\/wp-json\/wp\/v2\/product_brand?post=971"},{"taxonomy":"product_cat","embeddable":true,"href":"https:\/\/gbl.shop\/es\/wp-json\/wp\/v2\/product_cat?post=971"},{"taxonomy":"product_tag","embeddable":true,"href":"https:\/\/gbl.shop\/es\/wp-json\/wp\/v2\/product_tag?post=971"}],"curies":[{"name":"wp","href":"https:\/\/api.w.org\/{rel}","templated":true}]}}