{"id":975,"date":"2024-08-13T09:07:58","date_gmt":"2024-08-13T09:07:58","guid":{"rendered":"https:\/\/gbl.shop\/purewipe-cleaner-1-l\/"},"modified":"2026-01-22T12:39:16","modified_gmt":"2026-01-22T12:39:16","slug":"purewipe-cleaner-1-l","status":"publish","type":"product","link":"https:\/\/gbl.shop\/es\/producto\/purewipe-cleaner-1-l\/","title":{"rendered":"PureWipe Cleaner 1 L"},"content":{"rendered":"<div class=\"flex max-w-full flex-col grow\">\n<div class=\"min-h-8 text-message relative flex w-full flex-col items-end gap-2 text-start break-words whitespace-normal [.text-message+&amp;]:mt-5\" dir=\"auto\" data-message-author-role=\"assistant\" data-message-id=\"6265b032-4582-4818-b593-ed63d3d41683\" data-message-model-slug=\"gpt-4o\">\n<div class=\"flex w-full flex-col gap-1 empty:hidden first:pt-[3px]\">\n<div class=\"markdown prose dark:prose-invert w-full break-words light\">\n<p class=\"\" data-start=\"217\" data-end=\"285\"><strong data-start=\"217\" data-end=\"285\">Limpiador GBL de 1 L: la soluci\u00f3n de limpieza de confianza en GBL Europe<\/strong><\/p>\n<p class=\"\" data-start=\"287\" data-end=\"682\">\u00bfEst\u00e1 buscando un limpiador de alto rendimiento que funcione tanto en el hogar como en entornos industriales? <strong data-start=\"386\" data-end=\"404\">El limpiador GBL de 1 L<\/strong> es la elecci\u00f3n perfecta para profesionales y particulares en toda <strong data-start=\"472\" data-end=\"486\">GBL Europe<\/strong>. Con una potente <strong data-start=\"504\" data-end=\"518\">pureza del 99 %<\/strong>, elimina la suciedad, la grasa y los residuos con facilidad. Ya sea que est\u00e9 limpiando maquinaria o renovando superficies en casa, este limpiador ofrece resultados con los que puede contar.  <\/p>\n<hr class=\"\" data-start=\"684\" data-end=\"687\">\n<h3 class=\"\" data-start=\"689\" data-end=\"736\">Por qu\u00e9 GBL Europe conf\u00eda en nuestro limpiador GBL de 1 L<\/h3>\n<p class=\"\" data-start=\"738\" data-end=\"956\"><strong data-start=\"738\" data-end=\"755\">Para empezar<\/strong>, la pureza importa. Nuestra f\u00f3rmula contiene <strong data-start=\"794\" data-end=\"810\">GBL puro al 99 %<\/strong>, lo que significa la m\u00e1xima fuerza y eficacia en cada uso. Elimina r\u00e1pidamente la acumulaci\u00f3n pesada, dejando sus superficies limpias y listas para usar.  <\/p>\n<p class=\"\" data-start=\"958\" data-end=\"1185\"><strong data-start=\"958\" data-end=\"970\">Adem\u00e1s<\/strong>, disfrutar\u00e1 de un rendimiento constante en cada uso. Desde la primera gota hasta la \u00faltima, este limpiador proporciona los mismos resultados potentes. <strong data-start=\"1101\" data-end=\"1115\">Por eso<\/strong> los usuarios de <strong data-start=\"1129\" data-end=\"1143\">GBL Europe<\/strong> siguen eligi\u00e9ndolo para los trabajos de limpieza dif\u00edciles. <\/p>\n<hr class=\"\" data-start=\"1187\" data-end=\"1190\">\n<h3 class=\"\" data-start=\"1192\" data-end=\"1233\">M\u00faltiples usos para una m\u00e1xima flexibilidad<\/h3>\n<p class=\"\" data-start=\"1235\" data-end=\"1405\"><strong data-start=\"1235\" data-end=\"1265\">En entornos industriales<\/strong>, utilice el limpiador GBL de 1 L para desengrasar herramientas, equipos y superficies. Elimina el aceite y la suciedad r\u00e1pidamente, lo que le ayuda a mantener todo funcionando sin problemas. <\/p>\n<p class=\"\" data-start=\"1407\" data-end=\"1606\"><strong data-start=\"1407\" data-end=\"1422\">Adem\u00e1s<\/strong>, es excelente para la preparaci\u00f3n de superficies. Puede eliminar pegamento, pintura o revestimientos antes de aplicar algo nuevo. <strong data-start=\"1539\" data-end=\"1551\">De esta manera<\/strong>, siempre tendr\u00e1 una base lisa y limpia con la que trabajar. <\/p>\n<p class=\"\" data-start=\"1608\" data-end=\"1798\"><strong data-start=\"1608\" data-end=\"1625\">Para las tareas de bricolaje<\/strong>, es igual de eficaz. Ya sea que est\u00e9 limpiando piezas de autom\u00f3viles, puliendo ruedas o restaurando materiales, este limpiador le brinda un acabado de calidad profesional, sin complicaciones. <\/p>\n<hr class=\"\" data-start=\"1800\" data-end=\"1803\">\n<h3 class=\"\" data-start=\"1805\" data-end=\"1859\">Por qu\u00e9 los clientes de GBL Europe conf\u00edan en este producto<\/h3>\n<p class=\"\" data-start=\"1861\" data-end=\"2193\"><strong data-start=\"1861\" data-end=\"1903\">Gracias a su fuerza y fiabilidad<\/strong>, nuestro limpiador se ha convertido en una de las mejores opciones en <strong data-start=\"1952\" data-end=\"1966\">GBL Europe<\/strong>. Los profesionales de talleres, f\u00e1bricas y garajes lo utilizan a diario. <strong data-start=\"2033\" data-end=\"2053\">Al mismo tiempo<\/strong>, a los propietarios les encanta por su potencia y simplicidad. Seguimos estrictos controles de calidad, por lo que siempre recibir\u00e1 un producto de alta calidad y de confianza.  <\/p>\n<p class=\"\" data-start=\"1861\" data-end=\"2193\">Con su excepcional fuerza y 99 % de pureza, nuestro limpiador GBL de 1 L se ha ganado la confianza de los clientes de <strong data-start=\"277\" data-end=\"291\">GBL Europe<\/strong>. Este potente disolvente multiusos es ideal para una amplia gama de aplicaciones de limpieza, desde el desengrasado industrial pesado hasta la preparaci\u00f3n de superficies de precisi\u00f3n en entornos automotrices y de fabricaci\u00f3n. Los profesionales de todos los sectores conf\u00edan en \u00e9l para eliminar aceite, polvo de frenos, adhesivo, pintura e incluso grafitis, lo que lo convierte en una verdadera soluci\u00f3n todo en uno.  <\/p>\n<p class=\"\" data-start=\"1861\" data-end=\"2193\">Al mismo tiempo, los usuarios privados aprecian lo f\u00e1cil que es de aplicar, ya sea que est\u00e9n restaurando piezas de motor, limpiando llantas de aleaci\u00f3n o preparando superficies de metal y pl\u00e1stico para el reacabado. Gracias a su generoso volumen de 1 litro, ofrece una excelente relaci\u00f3n calidad-precio para un uso frecuente, mientras que el embalaje a prueba de manipulaciones y fugas garantiza un almacenamiento y transporte seguros. Cuando se trata de rendimiento, seguridad y fiabilidad, este es el limpiador que cumple con los altos est\u00e1ndares esperados en <strong data-start=\"1114\" data-end=\"1128\">GBL Europe<\/strong>.  <\/p>\n<hr class=\"\" data-start=\"2195\" data-end=\"2198\">\n<h3 class=\"\" data-start=\"2200\" data-end=\"2239\">Beneficios clave que marcan la diferencia<\/h3>\n<ul data-start=\"2241\" data-end=\"2523\">\n<li class=\"\" data-start=\"2241\" data-end=\"2298\">\n<p class=\"\" data-start=\"2243\" data-end=\"2298\">\u2705 <strong data-start=\"2245\" data-end=\"2259\">99 % de pureza<\/strong>: fuerte, eficaz y sin rellenos.<\/p>\n<\/li>\n<li class=\"\" data-start=\"2299\" data-end=\"2371\">\n<p class=\"\" data-start=\"2301\" data-end=\"2371\">\u2705 <strong data-start=\"2303\" data-end=\"2324\">Uso en m\u00faltiples superficies<\/strong>: ideal para metal, pl\u00e1stico, vidrio y mucho m\u00e1s.<\/p>\n<\/li>\n<li class=\"\" data-start=\"2372\" data-end=\"2447\">\n<p class=\"\" data-start=\"2374\" data-end=\"2447\">\u2705 <strong data-start=\"2376\" data-end=\"2398\">Valor duradero<\/strong>: un litro da para mucho, lo que le ahorra dinero.<\/p>\n<\/li>\n<li class=\"\" data-start=\"2448\" data-end=\"2523\">\n<p class=\"\" data-start=\"2450\" data-end=\"2523\">\u2705 <strong data-start=\"2452\" data-end=\"2472\">Embalaje seguro<\/strong>: a prueba de fugas y manipulaciones para una entrega segura.<\/p>\n<\/li>\n<\/ul>\n<hr class=\"\" data-start=\"2525\" data-end=\"2528\">\n<h3 class=\"\" data-start=\"2530\" data-end=\"2602\">\u00bfListo para limpiar de forma m\u00e1s inteligente? Haga su pedido hoy mismo al proveedor de confianza de GBL Europe <\/h3>\n<p class=\"\" data-start=\"2604\" data-end=\"2841\"><strong data-start=\"2604\" data-end=\"2629\">En definitiva<\/strong>, nuestro <strong data-start=\"2635\" data-end=\"2653\">limpiador GBL de 1 L<\/strong> le brinda la potencia, la calidad y la versatilidad que necesita. Ya sea que est\u00e9 gestionando la limpieza pesada en el trabajo o la limpieza profunda en casa, este producto le ayuda a hacerlo m\u00e1s r\u00e1pido y mejor. <\/p>\n<p class=\"\" data-start=\"2843\" data-end=\"3053\"><strong data-start=\"2843\" data-end=\"2859\">Entonces, \u00bfpor qu\u00e9 esperar?<\/strong> Si est\u00e1 en <strong data-start=\"2873\" data-end=\"2887\">GBL Europe<\/strong>, ahora es el momento perfecto para mejorar su rutina de limpieza. <strong data-start=\"2947\" data-end=\"2975\">Compre el limpiador GBL de 1 L hoy mismo<\/strong> y experimente la soluci\u00f3n de confianza que est\u00e1 marcando la diferencia en toda Europa.<\/p>\n<\/div>\n<\/div>\n<\/div>\n<\/div>\n<div class=\"flex justify-start\"><\/div>\n","protected":false},"excerpt":{"rendered":"<p><strong data-start=\"103\" data-end=\"160\">De confianza en toda GBL Europe: limpiador GBL de 1 L (99 % puro)<\/strong><br data-start=\"160\" data-end=\"163\">Experimente una limpieza potente con nuestro limpiador GBL de 1 L, en el que conf\u00edan los profesionales y los usuarios de bricolaje en toda <strong data-start=\"267\" data-end=\"281\" data-is-only-node=\"\">GBL Europe<\/strong>. Con un 99 % de pureza, elimina la grasa, el aceite y las manchas con facilidad, ideal para equipos industriales, el cuidado del autom\u00f3vil y la preparaci\u00f3n de superficies. \u00a1Limpie de forma m\u00e1s inteligente con la soluci\u00f3n fiable de GBL Europe!  <\/p>\n","protected":false},"featured_media":445,"comment_status":"open","ping_status":"closed","template":"","meta":[],"product_brand":[],"product_cat":[49],"product_tag":[],"class_list":{"0":"post-975","1":"product","2":"type-product","3":"status-publish","4":"has-post-thumbnail","6":"product_cat-comprar","8":"first","9":"instock","10":"taxable","11":"shipping-taxable","12":"product-type-simple"},"_links":{"self":[{"href":"https:\/\/gbl.shop\/es\/wp-json\/wp\/v2\/product\/975","targetHints":{"allow":["GET"]}}],"collection":[{"href":"https:\/\/gbl.shop\/es\/wp-json\/wp\/v2\/product"}],"about":[{"href":"https:\/\/gbl.shop\/es\/wp-json\/wp\/v2\/types\/product"}],"replies":[{"embeddable":true,"href":"https:\/\/gbl.shop\/es\/wp-json\/wp\/v2\/comments?post=975"}],"wp:featuredmedia":[{"embeddable":true,"href":"https:\/\/gbl.shop\/es\/wp-json\/wp\/v2\/media\/445"}],"wp:attachment":[{"href":"https:\/\/gbl.shop\/es\/wp-json\/wp\/v2\/media?parent=975"}],"wp:term":[{"taxonomy":"product_brand","embeddable":true,"href":"https:\/\/gbl.shop\/es\/wp-json\/wp\/v2\/product_brand?post=975"},{"taxonomy":"product_cat","embeddable":true,"href":"https:\/\/gbl.shop\/es\/wp-json\/wp\/v2\/product_cat?post=975"},{"taxonomy":"product_tag","embeddable":true,"href":"https:\/\/gbl.shop\/es\/wp-json\/wp\/v2\/product_tag?post=975"}],"curies":[{"name":"wp","href":"https:\/\/api.w.org\/{rel}","templated":true}]}}