{"id":1029,"date":"2025-02-25T12:10:57","date_gmt":"2025-02-25T12:10:57","guid":{"rendered":"https:\/\/gbl.shop\/conditions-generales-de-vente-cgv\/"},"modified":"2026-01-19T11:25:55","modified_gmt":"2026-01-19T11:25:55","slug":"conditions-generales-de-vente-cgv","status":"publish","type":"page","link":"https:\/\/gbl.shop\/fr\/conditions-generales-de-vente-cgv\/","title":{"rendered":"Conditions g\u00e9n\u00e9rales de vente (CGV)"},"content":{"rendered":"&#13;\n<p><strong><span lang=\"en-GB\">Date de r\u00e9f\u00e9rence:<\/span><\/strong> 0<span lang=\"en-GB\">1\/011\/<\/span><span lang=\"en-GB\">2025<br\/><\/span><strong><span lang=\"en-GB\">Website:<\/span><\/strong><span lang=\"en-GB\"> <a href=\"https:\/\/gbl.shop\/fr\/\" target=\"_new\">https:\/\/gbl.shop<\/a><br\/><\/span><strong><span lang=\"en-GB\">Contact:<\/span><\/strong><span lang=\"en-GB\"> contact@gbl.shop<\/span><\/p>&#13;\n<p><span lang=\"en-GB\">Bienvenue \u00e0 <\/span><strong><span lang=\"en-GB\">gbl.shop<\/span><\/strong><span lang=\"en-GB\">. Les pr\u00e9sentes conditions g\u00e9n\u00e9rales (\u00ab CG \u00bb) s&#8217;appliquent \u00e0 tous les visiteurs et clients qui utilisent notre site web. En acc\u00e9dant \u00e0 gbl.shop ou en effectuant un achat sur ce site, vous acceptez les conditions \u00e9nonc\u00e9es ci-dessous. Si vous n&#8217;\u00eates pas d&#8217;accord, veuillez ne pas utiliser notre site web.<\/span><\/p>&#13;\n<hr\/>&#13;\n<h2 class=\"western\"><span lang=\"en-GB\">1.  <\/span><strong><span lang=\"en-GB\">Informations sur l&#8217;entreprise<\/span><\/strong><\/h2>&#13;\n<p><span lang=\"en-GB\">Ce site web est exploit\u00e9 par :<br\/><\/span><strong><span lang=\"en-GB\">GBL.SHOP Zeitgeist2000<\/span><\/strong><span lang=\"en-GB\"><br\/>Rua Hermano Neves, N\u00ba 18, Piso 3, Escrit\u00f3rio 7,<br\/>V2403 1600-477 Lisboa, Portugal<\/span><\/p>&#13;\n<p><span lang=\"en-GB\">Email: contact@gbl.shop<br\/>Website: <a href=\"https:\/\/gbl.shop\/fr\/\" target=\"_new\">https:\/\/gbl.shop<\/a><\/span><\/p>&#13;\n<hr\/>&#13;\n<h2 class=\"western\"><span lang=\"en-GB\">2.  <\/span><strong><span lang=\"en-GB\">Droit d&#8217;utilisation<\/span><\/strong><\/h2>&#13;\n<p lang=\"en-GB\">Vous devez \u00eatre \u00e2g\u00e9 d&#8217;au moins 18 ans pour utiliser ce site Web ou passer une commande.<br\/>En utilisant ce site Web, vous confirmez que toutes les informations que vous avez fournies sont exactes et que vous r\u00e9pondez aux exigences l\u00e9gales en mati\u00e8re d&#8217;\u00e2ge dans votre pays. <\/p>&#13;\n<hr\/>&#13;\n<h2 class=\"western\"><span lang=\"en-GB\">3.  <\/span><strong><span lang=\"en-GB\">Produits et commandes<\/span><\/strong><\/h2>&#13;\n<p lang=\"en-GB\">Nous nous effor\u00e7ons de fournir des informations pr\u00e9cises sur les produits, les prix et les disponibilit\u00e9s, mais nous nous r\u00e9servons le droit d&#8217;apporter des modifications sans pr\u00e9avis. <\/p>&#13;\n<ul>&#13;\n<li>&#13;\n<p lang=\"en-GB\">Les commandes sont soumises \u00e0 acceptation et disponibilit\u00e9.<\/p>&#13;\n<\/li>&#13;\n<li>&#13;\n<p lang=\"en-GB\">Un contrat contraignant n&#8217;est conclu qu&#8217;apr\u00e8s r\u00e9ception d&#8217;une confirmation d&#8217;exp\u00e9dition.<\/p>&#13;\n<\/li>&#13;\n<li>&#13;\n<p lang=\"en-GB\">Nous nous r\u00e9servons le droit de refuser ou d&#8217;annuler des commandes \u00e0 notre seule discr\u00e9tion.<\/p>&#13;\n<\/li>&#13;\n<\/ul>&#13;\n<hr\/>&#13;\n<h2 class=\"western\"><span lang=\"en-GB\">4.  <\/span><strong><span lang=\"en-GB\">Prix et paiements<\/span><\/strong><\/h2>&#13;\n<p lang=\"en-GB\">Tous les prix sont indiqu\u00e9s en euros (\u20ac) et s&#8217;entendent hors taxe sur la valeur ajout\u00e9e (TVA). La TVA est pr\u00e9lev\u00e9e \u00e0 la caisse, conform\u00e9ment \u00e0 la l\u00e9gislation en vigueur (selon la l\u00e9gislation fiscale portugaise). <\/p>&#13;\n<p lang=\"en-GB\">Nous acceptons les modes de paiement s\u00e9curis\u00e9s suivants:<\/p>&#13;\n<ul>&#13;\n<li>&#13;\n<p lang=\"en-GB\">Virement SEPA<\/p>&#13;\n<\/li>&#13;\n<li>&#13;\n<p lang=\"en-GB\">Cryptomonnaies via Coinpayments.net<\/p>&#13;\n<\/li>&#13;\n<li>&#13;\n<p lang=\"en-GB\">Autres options de paiement disponibles lors du paiement<\/p>&#13;\n<\/li>&#13;\n<\/ul>&#13;\n<p lang=\"en-GB\">Le paiement et la d\u00e9claration relative \u00e0 l&#8217;utilisation pr\u00e9vue doivent \u00eatre effectu\u00e9s avant l&#8217;exp\u00e9dition.<\/p>&#13;\n<hr\/>&#13;\n<h2 class=\"western\"><span lang=\"en-GB\">5.  <\/span><strong><span lang=\"en-GB\">Exp\u00e9dition et livraison<\/span><\/strong><\/h2>&#13;\n<p lang=\"en-GB\">Nous ne livrons pas au Portugal ni dans certains pays soumis \u00e0 des restrictions, mais dans la plupart des pays de l&#8217;UE.<br\/>Les frais d&#8217;exp\u00e9dition sont calcul\u00e9s lors du paiement.<br\/>Nous nous effor\u00e7ons d&#8217;assurer une livraison ponctuelle, mais d\u00e9clinons toute responsabilit\u00e9 en cas de retards caus\u00e9s par les transporteurs, les autorit\u00e9s douani\u00e8res ou des adresses de livraison erron\u00e9es.<\/p>&#13;\n<hr\/>&#13;\n<h2 class=\"western\"><span lang=\"en-GB\">6.  <\/span><strong><span lang=\"en-GB\">Droit de r\u00e9tractation (d\u00e9lai de retour de 14 jours)<\/span><\/strong><\/h2>&#13;\n<p lang=\"en-GB\">Conform\u00e9ment aux droits des consommateurs de l&#8217;UE, vous avez le droit:<\/p>&#13;\n<ul>&#13;\n<li>&#13;\n<p><span lang=\"en-GB\">Annuler votre commande et la renvoyer dans les 14 jours calendaires suivant sa r\u00e9ception.<\/span><\/p>&#13;\n<\/li>&#13;\n<li>&#13;\n<p><span lang=\"en-GB\"> <br\/>Nous informer de votre annulation par e-mail \u00e0 <\/span><strong><span lang=\"en-GB\">contact@gbl.shop<\/span><\/strong><span lang=\"en-GB\"> <\/span><\/p>&#13;\n<\/li>&#13;\n<li>&#13;\n<p lang=\"en-GB\">Renvoyer les produits dans leur \u00e9tat d&#8217;origine, non ouverts et non utilis\u00e9s.<\/p>&#13;\n<\/li>&#13;\n<li>&#13;\n<p lang=\"en-GB\">Prendre en charge les frais de retour, sauf si le produit livr\u00e9 \u00e9tait d\u00e9fectueux ou incorrect.<\/p>&#13;\n<\/li>&#13;\n<li>&#13;\n<p lang=\"en-GB\">Obtenir un remboursement dans les 14 jours suivant la r\u00e9ception du retour.<\/p>&#13;\n<\/li>&#13;\n<li>&#13;\n<p lang=\"en-GB\">Des frais de traitement peuvent \u00eatre factur\u00e9s dans certains cas.<\/p>&#13;\n<\/li>&#13;\n<\/ul>&#13;\n<p lang=\"en-GB\">\u26a0\ufe0f Les produits chimiques ouverts sont exclus du droit de r\u00e9tractation, sauf s&#8217;ils sont d\u00e9fectueux.<\/p>&#13;\n<hr\/>&#13;\n<h2 class=\"western\"><span lang=\"en-GB\">7.  <\/span><strong><span lang=\"en-GB\">Utilisation du produit<\/span><\/strong><\/h2>&#13;\n<p lang=\"en-GB\">Tous les produits sont vendus uniquement pour un usage l\u00e9gal et responsable.<br\/>Vous vous engagez \u00e0 ne pas utiliser nos produits \u00e0 des fins ill\u00e9gales ou interdites.<br\/>Nous d\u00e9clinons toute responsabilit\u00e9 en cas d&#8217;abus, de mauvaise utilisation ou d&#8217;utilisation ill\u00e9gale des produits.<\/p>&#13;\n<hr\/>&#13;\n<h2 class=\"western\"><span lang=\"en-GB\">8.  <\/span><strong><span lang=\"en-GB\">Clause de non-responsabilit\u00e9<\/span><\/strong><\/h2>&#13;\n<p lang=\"en-GB\">Nous garantissons des normes \u00e9lev\u00e9es en mati\u00e8re de qualit\u00e9 et d&#8217;emballage. <\/p>&#13;\n<ul>&#13;\n<li>&#13;\n<p lang=\"en-GB\">Nous ne sommes pas responsables des dommages r\u00e9sultant d&#8217;une utilisation inappropri\u00e9e.<\/p>&#13;\n<\/li>&#13;\n<li>&#13;\n<p lang=\"en-GB\">Notre responsabilit\u00e9 totale est limit\u00e9e au prix d&#8217;achat du produit.<\/p>&#13;\n<\/li>&#13;\n<li>&#13;\n<p lang=\"en-GB\">Cette restriction n&#8217;affecte pas vos droits l\u00e9gaux en vertu de la l\u00e9gislation portugaise ou europ\u00e9enne.<\/p>&#13;\n<\/li>&#13;\n<\/ul>&#13;\n<hr\/>&#13;\n<h2 class=\"western\"><span lang=\"en-GB\">9.  <\/span><strong><span lang=\"en-GB\">Protection des donn\u00e9es (RGPD)<\/span><\/strong><\/h2>&#13;\n<p>Nous respectons le r\u00e8glement g\u00e9n\u00e9ral sur la protection des donn\u00e9es (RGPD). Vos donn\u00e9es personnelles sont utilis\u00e9es exclusivement pour le traitement des commandes, le service client\u00e8le, le respect des obligations l\u00e9gales et fiscales<\/p>&#13;\n<p lang=\"en-GB\">Vous avez le droit de:<\/p>&#13;\n<ul>&#13;\n<li>&#13;\n<p lang=\"en-GB\">Informations sur vos donn\u00e9es<\/p>&#13;\n<\/li>&#13;\n<li>&#13;\n<p lang=\"en-GB\">Rectification ou suppression<\/p>&#13;\n<\/li>&#13;\n<li>&#13;\n<p lang=\"en-GB\">Transf\u00e9rabilit\u00e9 de vos donn\u00e9es (portabilit\u00e9 des donn\u00e9es)<\/p>&#13;\n<\/li>&#13;\n<\/ul>&#13;\n<p><span lang=\"en-GB\">Vous trouverez plus de d\u00e9tails dans notre <a href=\"https:\/\/gbl.shop\/privacy-policy\/\">d\u00e9claration de confidentialit\u00e9<\/a>.<\/span><\/p>&#13;\n<hr\/>&#13;\n<h2 class=\"western\"><span lang=\"en-GB\">10.  <\/span><strong><span lang=\"en-GB\">Modifications des CGV<\/span><\/strong><\/h2>&#13;\n<p lang=\"en-GB\">Nous nous r\u00e9servons le droit de modifier les pr\u00e9sentes conditions g\u00e9n\u00e9rales de vente \u00e0 tout moment. Les modifications entrent en vigueur d\u00e8s leur publication sur cette page. Veuillez consulter r\u00e9guli\u00e8rement cette page.  <\/p>&#13;\n<hr\/>&#13;\n<h2 class=\"western\"><span lang=\"en-GB\">11.  <\/span><strong><span lang=\"en-GB\">Droit applicable et juridiction comp\u00e9tente<\/span><\/strong><\/h2>&#13;\n<p>Les pr\u00e9sentes conditions g\u00e9n\u00e9rales sont soumises au droit de la R\u00e9publique portugaise et aux dispositions europ\u00e9ennes en mati\u00e8re de protection des consommateurs.<br\/>Tout litige rel\u00e8ve de la comp\u00e9tence du tribunal de Lisbonne, au Portugal.<\/p>&#13;\n<hr\/>&#13;\n<h2 class=\"western\"><span lang=\"en-GB\">12.  <\/span><strong><span lang=\"en-GB\">Contact<\/span><\/strong><\/h2>&#13;\n<p><span lang=\"en-GB\">Pour toute question ou assistance, veuillez contacter:<br\/>\ud83d\udce7 <\/span><strong><span lang=\"en-GB\">Email:<\/span><\/strong><span lang=\"en-GB\"> contact@gbl.shop<br\/>\ud83c\udf10 <\/span><strong><span lang=\"en-GB\">Website:<\/span><\/strong><span lang=\"en-GB\"> <a href=\"https:\/\/gbl.shop\/fr\/\" target=\"_new\">https:\/\/gbl.shop<\/a><\/span><\/p>&#13;\n","protected":false},"excerpt":{"rendered":"<p>&#13; Date de r\u00e9f\u00e9rence: 01\/011\/2025Website: https:\/\/gbl.shopContact: contact@gbl.shop &#13; Bienvenue \u00e0 gbl.shop. Les pr\u00e9sentes conditions g\u00e9n\u00e9rales (\u00ab CG \u00bb) s&#8217;appliquent \u00e0 tous les visiteurs et clients qui utilisent notre site web. En acc\u00e9dant \u00e0 gbl.shop ou en effectuant un achat sur ce site, vous acceptez les conditions \u00e9nonc\u00e9es ci-dessous. Si vous n&#8217;\u00eates pas d&#8217;accord, veuillez ne [&hellip;]<\/p>\n","protected":false},"author":1,"featured_media":0,"parent":0,"menu_order":0,"comment_status":"closed","ping_status":"closed","template":"","meta":{"footnotes":""},"class_list":["post-1029","page","type-page","status-publish","hentry"],"blocksy_meta":[],"_links":{"self":[{"href":"https:\/\/gbl.shop\/fr\/wp-json\/wp\/v2\/pages\/1029","targetHints":{"allow":["GET"]}}],"collection":[{"href":"https:\/\/gbl.shop\/fr\/wp-json\/wp\/v2\/pages"}],"about":[{"href":"https:\/\/gbl.shop\/fr\/wp-json\/wp\/v2\/types\/page"}],"author":[{"embeddable":true,"href":"https:\/\/gbl.shop\/fr\/wp-json\/wp\/v2\/users\/1"}],"replies":[{"embeddable":true,"href":"https:\/\/gbl.shop\/fr\/wp-json\/wp\/v2\/comments?post=1029"}],"version-history":[{"count":3,"href":"https:\/\/gbl.shop\/fr\/wp-json\/wp\/v2\/pages\/1029\/revisions"}],"predecessor-version":[{"id":1040,"href":"https:\/\/gbl.shop\/fr\/wp-json\/wp\/v2\/pages\/1029\/revisions\/1040"}],"wp:attachment":[{"href":"https:\/\/gbl.shop\/fr\/wp-json\/wp\/v2\/media?parent=1029"}],"curies":[{"name":"wp","href":"https:\/\/api.w.org\/{rel}","templated":true}]}}