{"id":1041,"date":"2025-02-24T07:43:22","date_gmt":"2025-02-24T07:43:22","guid":{"rendered":"https:\/\/gbl.shop\/politique-de-confidentialite\/"},"modified":"2025-02-24T07:43:22","modified_gmt":"2025-02-24T07:43:22","slug":"politique-de-confidentialite","status":"publish","type":"page","link":"https:\/\/gbl.shop\/fr\/politique-de-confidentialite\/","title":{"rendered":"Politique de confidentialit\u00e9"},"content":{"rendered":"<p><strong><span lang=\"en-GB\">Date de r\u00e9f\u00e9rence:<\/span><\/strong> 01\/01\/2025<\/p>\n<h3 lang=\"en-GB\">\ud83d\udd10 Warrant Canary<\/h3>\n<p><strong>Domaine:<\/strong> <a href=\"https:\/\/gbl.shop\/fr\/\" target=\"_new\">https:\/\/gbl.shop<\/a><br \/>\n<strong>Exploitant:<\/strong> GBL.SHOP Zeitgeist2000<br \/>\n<strong>Contact:<\/strong> contact@gbl.shop<\/p>\n<p>Situation \u00e0 la date susmentionn\u00e9e:<\/p>\n<ul>\n<li>Nous <strong>n&#8217;avons re\u00e7u<\/strong> aucune lettre de s\u00e9curit\u00e9 nationale (NSL), ordonnance de confidentialit\u00e9 ou autre demande secr\u00e8te de la part d&#8217;agences gouvernementales qui nous obligerait \u00e0 divulguer les donn\u00e9es des utilisateurs ou \u00e0 ne pas signaler de telles demandes.<\/li>\n<li>Nous <strong>n&#8217;avons re\u00e7u<\/strong> aaucune ordonnance judiciaire nous interdisant de divulguer les demandes de surveillance.<\/li>\n<\/ul>\n<p>Cette d\u00e9claration est <strong>mise \u00e0 jour au moins une fois par trimestre<\/strong>. Si cette mention est supprim\u00e9e ou modifi\u00e9e, il faut partir du principe qu&#8217;une convocation ou une demande a \u00e9t\u00e9 re\u00e7ue. <\/p>\n<p><span lang=\"en-GB\">A <\/span><strong><span lang=\"en-GB\">gbl.shop<\/span><\/strong><span lang=\"en-GB\">, la protection de votre vie priv\u00e9e est tr\u00e8s importante pour nous . TDans cette d\u00e9claration de confidentialit\u00e9, nous expliquons comment nous collectons, utilisons et prot\u00e9geons vos donn\u00e9es personnelles, conform\u00e9ment au <\/span><strong><span lang=\"en-GB\">R\u00e8glement g\u00e9n\u00e9ral sur la protection des donn\u00e9es (RGPD)<\/span><\/strong><span lang=\"en-GB\"> et aux lois portugaises sur la protection des donn\u00e9es.<\/span><\/p>\n<h3 class=\"western\" lang=\"en-GB\">1. Qui sommes-nous<\/h3>\n<p><strong><span lang=\"en-GB\">GBL.SHOP Zeitgeist2000<\/span><\/strong><span lang=\"en-GB\"><br \/>\nRua Hermano Neves, N\u00ba 18, Piso 3, Escrit\u00f3rio 7<br \/>\nV2403 1600-477 Lisboa, Portugal<br \/>\n\ud83d\udce7 contact@gbl.shop<br \/>\n\ud83c\udf10 <a href=\"https:\/\/gbl.shop\/fr\/\" target=\"_new\">https:\/\/gbl.shop<\/a><\/span><\/p>\n<p lang=\"en-GB\">Nous sommes responsables du traitement de vos donn\u00e9es personnelles collect\u00e9es via notre site web.<\/p>\n<hr>\n<h3 class=\"western\" lang=\"en-GB\">2. Les donn\u00e9es que nous collectons<\/h3>\n<p lang=\"en-GB\">Lorsque vous visitez ou utilisez notre site Web, nous pouvons collecter les donn\u00e9es suivantes:<\/p>\n<ul>\n<li>\n<p lang=\"en-GB\">Nom et coordonn\u00e9es (par exemple, adresse e-mail, num\u00e9ro de t\u00e9l\u00e9phone, adresse de livraison)<\/p>\n<\/li>\n<li>\n<p lang=\"en-GB\">Informations de facturation et de paiement<\/p>\n<\/li>\n<li>\n<p lang=\"en-GB\">Historique des commandes<\/p>\n<\/li>\n<li>\n<p lang=\"en-GB\">Adresse IP et informations sur le navigateur et l&#8217;appareil<\/p>\n<\/li>\n<li>\n<p lang=\"en-GB\">Demandes des clients et messages d&#8217;assistance<\/p>\n<\/li>\n<li>\n<p lang=\"en-GB\">Donn\u00e9es d&#8217;identification (si la loi l&#8217;exige)<\/p>\n<\/li>\n<\/ul>\n<hr>\n<h3 class=\"western\" lang=\"en-GB\">3. C&#8217;est pourquoi nous traitons vos donn\u00e9es<\/h3>\n<p lang=\"en-GB\">Nous traitons vos donn\u00e9es afin de:<\/p>\n<ul>\n<li>\n<p lang=\"en-GB\">Traiter et exp\u00e9dier les commandes<\/p>\n<\/li>\n<li>\n<p lang=\"en-GB\">Envoyer des confirmations de commande et des mises \u00e0 jour<\/p>\n<\/li>\n<li>\n<p lang=\"en-GB\">Fournir un service client<\/p>\n<\/li>\n<li>\n<p lang=\"en-GB\">Respecter les obligations l\u00e9gales (par exemple, le droit fiscal)<\/p>\n<\/li>\n<li>\n<p lang=\"en-GB\">Am\u00e9liorer nos services et l&#8217;exp\u00e9rience utilisateur sur le site web<\/p>\n<\/li>\n<\/ul>\n<p lang=\"en-GB\">Nous traitons vos donn\u00e9es exclusivement sur la base d&#8217;un fondement juridique conforme au RGPD : ex\u00e9cution d&#8217;un contrat, obligations l\u00e9gales ou votre consentement.<\/p>\n<hr>\n<h3 class=\"western\" lang=\"en-GB\">4. Cookies et analyse<\/h3>\n<p lang=\"en-GB\">Nous utilisons des cookies et des technologies similaires pour am\u00e9liorer la fonctionnalit\u00e9 du site web et<br \/>analyser l&#8217;utilisation et les performances du site web. Vous pouvez g\u00e9rer ou d\u00e9sactiver les cookies \u00e0 tout moment dans les param\u00e8tres de votre navigateur. <\/p>\n<hr>\n<h3 class=\"western\" lang=\"en-GB\">5. Transmission de vos donn\u00e9es<\/h3>\n<p lang=\"en-GB\">Nous pouvons transmettre vos donn\u00e9es \u00e0 des tiers de confiance:<\/p>\n<ul>\n<li>\n<p lang=\"en-GB\">Prestataires de services de paiement (par exemple PayPal, Stripe)<\/p>\n<\/li>\n<li>\n<p lang=\"en-GB\">Services de livraison (par exemple DHL, CTT, DPD, GLS)<\/p>\n<\/li>\n<li>\n<p lang=\"en-GB\">Des conseillers fiscaux ou juridiques (si la loi l&#8217;exige)<\/p>\n<\/li>\n<\/ul>\n<p lang=\"en-GB\">Nous ne vendons ni ne louons jamais vos donn\u00e9es.. Nous ne transmettons pas vos donn\u00e9es \u00e0 des tiers, sauf en cas de n\u00e9cessit\u00e9 absolute.<\/p>\n<hr>\n<h3 class=\"western\" lang=\"en-GB\">6. Dur\u00e9e de conservation<\/h3>\n<p lang=\"en-GB\">Nous conservons vos donn\u00e9es \u00e0 caract\u00e8re personnel uniquement pendant la dur\u00e9e n\u00e9cessaire pour le traitement de vos commandes; le respect des obligations l\u00e9gales et fiscales; le service client\u00e8le.<br \/>En r\u00e8gle g\u00e9n\u00e9rale, cette dur\u00e9e n&#8217;exc\u00e8de pas 7 ans (par exemple \u00e0 des fins fiscales).<\/p>\n<hr>\n<h3 class=\"western\" lang=\"en-GB\">7. Vos droits selon le RGPD<\/h3>\n<p lang=\"en-GB\">Vous avez le droit:<\/p>\n<ul>\n<li>\n<p lang=\"en-GB\">d&#8217;obtenir vos donn\u00e9es \u00e0 caract\u00e8re personnel ;<\/p>\n<\/li>\n<li>\n<p lang=\"en-GB\">de demander la rectification ou la suppression de vos donn\u00e9es;<\/p>\n<\/li>\n<li>\n<p lang=\"en-GB\">de vous opposer au traitement ou de demander une limitation du traitement;<\/p>\n<\/li>\n<li>\n<p lang=\"en-GB\">de portabilit\u00e9 des donn\u00e9es;<\/p>\n<\/li>\n<li>\n<p lang=\"en-GB\">de d\u00e9poser une plainte aupr\u00e8s de la Comiss\u00e3o Nacional de Prote\u00e7\u00e3o de Dados (CNPD),<\/p>\n<\/li>\n<\/ul>\n<p><span lang=\"en-GB\">Pour exercer vos droits, veuillez contacter: <\/span><strong><span lang=\"en-GB\">contact@gbl.shop<\/span><\/strong><span lang=\"en-GB\">.<\/span><\/p>\n<hr>\n<h3 class=\"western\" lang=\"en-GB\">8. S\u00e9curit\u00e9<\/h3>\n<p lang=\"en-GB\">Nous utilisons le cryptage SSL et des serveurs s\u00e9curis\u00e9s pour prot\u00e9ger vos donn\u00e9es. L&#8217;acc\u00e8s est r\u00e9serv\u00e9 au personnel autoris\u00e9. <\/p>\n<hr>\n","protected":false},"excerpt":{"rendered":"<p>Date de r\u00e9f\u00e9rence: 01\/01\/2025 \ud83d\udd10 Warrant Canary Domaine: https:\/\/gbl.shop Exploitant: GBL.SHOP Zeitgeist2000 Contact: contact@gbl.shop Situation \u00e0 la date susmentionn\u00e9e: Nous n&#8217;avons re\u00e7u aucune lettre de s\u00e9curit\u00e9 nationale (NSL), ordonnance de confidentialit\u00e9 ou autre demande secr\u00e8te de la part d&#8217;agences gouvernementales qui nous obligerait \u00e0 divulguer les donn\u00e9es des utilisateurs ou \u00e0 ne pas signaler de [&hellip;]<\/p>\n","protected":false},"author":1,"featured_media":0,"parent":0,"menu_order":0,"comment_status":"closed","ping_status":"closed","template":"","meta":{"footnotes":""},"class_list":["post-1041","page","type-page","status-publish","hentry"],"blocksy_meta":[],"_links":{"self":[{"href":"https:\/\/gbl.shop\/fr\/wp-json\/wp\/v2\/pages\/1041","targetHints":{"allow":["GET"]}}],"collection":[{"href":"https:\/\/gbl.shop\/fr\/wp-json\/wp\/v2\/pages"}],"about":[{"href":"https:\/\/gbl.shop\/fr\/wp-json\/wp\/v2\/types\/page"}],"author":[{"embeddable":true,"href":"https:\/\/gbl.shop\/fr\/wp-json\/wp\/v2\/users\/1"}],"replies":[{"embeddable":true,"href":"https:\/\/gbl.shop\/fr\/wp-json\/wp\/v2\/comments?post=1041"}],"version-history":[{"count":0,"href":"https:\/\/gbl.shop\/fr\/wp-json\/wp\/v2\/pages\/1041\/revisions"}],"wp:attachment":[{"href":"https:\/\/gbl.shop\/fr\/wp-json\/wp\/v2\/media?parent=1041"}],"curies":[{"name":"wp","href":"https:\/\/api.w.org\/{rel}","templated":true}]}}