{"id":1069,"date":"2025-02-26T10:01:47","date_gmt":"2025-02-26T10:01:47","guid":{"rendered":"https:\/\/gbl.shop\/politique-de-retour-et-de-remboursement\/"},"modified":"2026-01-28T11:21:19","modified_gmt":"2026-01-28T11:21:19","slug":"politique-de-retour-et-de-remboursement","status":"publish","type":"page","link":"https:\/\/gbl.shop\/fr\/politique-de-retour-et-de-remboursement\/","title":{"rendered":"Politique de retour et de remboursement"},"content":{"rendered":"&#13;\n<p><strong><span lang=\"en-GB\">Date d&#8217;entr\u00e9e en vigueur:<\/span><\/strong> <span lang=\"en-GB\">1er janvier 2025<\/span><\/p>&#13;\n<p><span lang=\"en-GB\">Dans <\/span><strong><span lang=\"en-GB\">gbl.shop<\/span><\/strong><span lang=\"en-GB\">, nous voulons que vous soyez enti\u00e8rement satisfait de votre achat. Si ce n&#8217;est pas le cas, nous serons ravis de vous aider.nous voulons que vous soyez enti\u00e8rement satisfait de votre achat. Si ce n&#8217;est pas le cas, nous serons ravis de vous aider.<\/span><\/p>&#13;\n<hr\/>&#13;\n<h3 class=\"western\" lang=\"en-GB\">1. Right of Withdrawal (14 Days \u2013 EU Law)<\/h3>&#13;\n<p><span lang=\"en-GB\">Conform\u00e9ment aux <\/span><strong><span lang=\"en-GB\">lois europ\u00e9ennes sur la protection des consommateurs<\/span><\/strong><span lang=\"en-GB\">, vous pouvez retourner votre commande dans les <\/span><strong><span lang=\"en-GB\">14 jours calendaires<\/span><\/strong><span lang=\"en-GB\"> suivant la r\u00e9ception des articles.<\/span><\/p>&#13;\n<p lang=\"en-GB\">Pour demander un retour :<\/p>&#13;\n<ol>&#13;\n<li>&#13;\n<p><span lang=\"en-GB\">\u00c9crivez-lui un e-mail \u00e0 <\/span><strong><span lang=\"en-GB\">contact@gbl.shop<\/span><\/strong><span lang=\"en-GB\"> en indiquant votre num\u00e9ro de t\u00e9l\u00e9phone.<\/span><\/p>&#13;\n<\/li>&#13;\n<li>&#13;\n<p lang=\"en-GB\">Renvoyez l&#8217;article non utilis\u00e9, non ouvert et dans son \u00e9tat d&#8217;origine.<\/p>&#13;\n<\/li>&#13;\n<li>&#13;\n<p lang=\"en-GB\">Joignez une copie de votre confirmation de commande.<\/p>&#13;\n<\/li>&#13;\n<\/ol>&#13;\n<p lang=\"en-GB\">L&#8217;adresse de retour sera fournie par l&#8217;agent d&#8217;assistance.<\/p>&#13;\n<hr\/>&#13;\n<h3 class=\"western\" lang=\"en-GB\">2. Return Conditions<\/h3>&#13;\n<p lang=\"en-GB\">\u2705 Le produit doit \u00eatre inutilis\u00e9, non ouvert et dans son emballage d&#8217;origine<br\/>\u2705 Le retour doit \u00eatre effectu\u00e9 dans les 14 jours suivant la r\u00e9ception<br\/>\u274c Les produits chimiques ouverts ou utilis\u00e9s ne peuvent \u00eatre \u00e9chang\u00e9s, sauf s&#8217;ils sont d\u00e9fectueux<br\/>\u274c Les articles sur mesure ou fabriqu\u00e9s sur commande ne peuvent pas \u00eatre retourn\u00e9s<\/p>&#13;\n<hr\/>&#13;\n<h3 class=\"western\" lang=\"en-GB\">3. Refunds<\/h3>&#13;\n<p><span lang=\"en-GB\">Apr\u00e8s v\u00e9rification des articles retourn\u00e9s, nous traiterons votre remboursement dans un d\u00e9lai de <\/span><strong><span lang=\"en-GB\">14 jours<\/span><\/strong><span lang=\"en-GB\"> via le mode de paiement initial. Des frais de traitement s&#8217;appliquent. Les frais d&#8217;exp\u00e9dition ne sont pas rembours\u00e9s, sauf si les articles \u00e9taient d\u00e9fectueux ou ont \u00e9t\u00e9 livr\u00e9s par erreur.<\/span> <\/p>&#13;\n<hr\/>&#13;\n<h3 class=\"western\" lang=\"en-GB\">4. Damaged or Incorrect Items<\/h3>&#13;\n<p><span lang=\"en-GB\">Si vous avez re\u00e7u un article incorrect ou si votre produit est arriv\u00e9 endommag\u00e9, contactez-nous \u00e0 <\/span><strong><span lang=\"en-GB\">contact@gbl.shop<\/span><\/strong><span lang=\"en-GB\"> dans les <\/span><strong><span lang=\"en-GB\">3 jours<\/span><\/strong><span lang=\"en-GB\"> <\/span>suivant la livraison. Veuillez joindre des photos du colis endommag\u00e9 ou du produit incorrect.<\/p>&#13;\n<p lang=\"en-GB\">Nous vous enverrons un produit de remplacement, selon le cas.<\/p>&#13;\n<hr\/>&#13;\n<h3 class=\"western\" lang=\"en-GB\">5. Questions?<\/h3>&#13;\n<p lang=\"en-GB\">Si vous avez des questions concernant les retours ou les remboursements, veuillez contacter notre service client\u00e8le \u00e0 l&#8217;adresse suivante:<\/p>&#13;\n<p>\ud83d\udce7 <strong><span lang=\"en-GB\">Email:<\/span><\/strong><span lang=\"en-GB\"> contact@gbl.shop<br\/>\ud83c\udf10 <\/span><strong><span lang=\"en-GB\">Website:<\/span><\/strong><span lang=\"en-GB\"> <a href=\"https:\/\/gbl.shop\/fr\/\" target=\"_new\">https:\/\/gbl.shop<\/a><\/span><\/p>&#13;\n","protected":false},"excerpt":{"rendered":"<p>&#13; Date d&#8217;entr\u00e9e en vigueur: 1er janvier 2025 &#13; Dans gbl.shop, nous voulons que vous soyez enti\u00e8rement satisfait de votre achat. Si ce n&#8217;est pas le cas, nous serons ravis de vous aider.nous voulons que vous soyez enti\u00e8rement satisfait de votre achat. Si ce n&#8217;est pas le cas, nous serons ravis de vous aider. &#13; [&hellip;]<\/p>\n","protected":false},"author":1,"featured_media":0,"parent":0,"menu_order":0,"comment_status":"closed","ping_status":"closed","template":"","meta":{"footnotes":""},"class_list":["post-1069","page","type-page","status-publish","hentry"],"blocksy_meta":[],"_links":{"self":[{"href":"https:\/\/gbl.shop\/fr\/wp-json\/wp\/v2\/pages\/1069","targetHints":{"allow":["GET"]}}],"collection":[{"href":"https:\/\/gbl.shop\/fr\/wp-json\/wp\/v2\/pages"}],"about":[{"href":"https:\/\/gbl.shop\/fr\/wp-json\/wp\/v2\/types\/page"}],"author":[{"embeddable":true,"href":"https:\/\/gbl.shop\/fr\/wp-json\/wp\/v2\/users\/1"}],"replies":[{"embeddable":true,"href":"https:\/\/gbl.shop\/fr\/wp-json\/wp\/v2\/comments?post=1069"}],"version-history":[{"count":1,"href":"https:\/\/gbl.shop\/fr\/wp-json\/wp\/v2\/pages\/1069\/revisions"}],"predecessor-version":[{"id":1070,"href":"https:\/\/gbl.shop\/fr\/wp-json\/wp\/v2\/pages\/1069\/revisions\/1070"}],"wp:attachment":[{"href":"https:\/\/gbl.shop\/fr\/wp-json\/wp\/v2\/media?parent=1069"}],"curies":[{"name":"wp","href":"https:\/\/api.w.org\/{rel}","templated":true}]}}