{"id":973,"date":"2024-08-13T09:09:06","date_gmt":"2024-08-13T09:09:06","guid":{"rendered":"https:\/\/gbl.shop\/purewipe-5-l\/"},"modified":"2026-01-26T15:09:27","modified_gmt":"2026-01-26T15:09:27","slug":"purewipe-5-l","status":"publish","type":"product","link":"https:\/\/gbl.shop\/fr\/produit\/purewipe-5-l\/","title":{"rendered":"PureWipe &#8211; 5 L"},"content":{"rendered":"<p class=\"\" data-start=\"120\" data-end=\"182\"><strong data-start=\"120\" data-end=\"182\">Achetez du GBL en ligne \u2013 Nettoyant GBL 5 L de qualit\u00e9 sup\u00e9rieure pour les acheteurs priv\u00e9s<\/strong><\/p>\n<p class=\"\" data-start=\"184\" data-end=\"788\">Vous recherchez un moyen fiable d\u2019acheter du GBL en ligne&nbsp;? Ne cherchez pas plus loin&nbsp;! Notre nettoyant GBL 5 L est le choix id\u00e9al pour les acheteurs priv\u00e9s qui ont besoin d\u2019un solvant fiable et de haute puret\u00e9. Avec un impressionnant <strong data-start=\"367\" data-end=\"389\">niveau de puret\u00e9 de 99,9&nbsp;%<\/strong>, ce nettoyant GBL de qualit\u00e9 sup\u00e9rieure offre des r\u00e9sultats de nettoyage de qualit\u00e9 professionnelle sur lesquels vous pouvez compter. Que vous vous attaquiez \u00e0 de la graisse tenace, que vous restauriez des roues ou que vous pr\u00e9pariez des surfaces pour une nouvelle couche de peinture, cette solution puissante facilite et rend le travail plus efficace. Et le meilleur&nbsp;? Vous pouvez facilement acheter du GBL en ligne et le faire exp\u00e9dier directement \u00e0 votre porte, ce qui vous assure une exp\u00e9rience d\u2019achat sans tracas.      <\/p>\n<hr class=\"\" data-start=\"790\" data-end=\"793\">\n<h3 class=\"\" data-start=\"795\" data-end=\"830\"><strong data-start=\"799\" data-end=\"830\">Pourquoi choisir notre nettoyant GBL&nbsp;?<\/strong><\/h3>\n<p class=\"\" data-start=\"832\" data-end=\"1227\"><strong data-start=\"832\" data-end=\"872\">1. Puret\u00e9 \u00e9lev\u00e9e pour des r\u00e9sultats puissants&nbsp;:<\/strong><br data-start=\"872\" data-end=\"875\">Lorsque vous choisissez notre nettoyant GBL 5 L, vous obtenez un produit d\u2019une qualit\u00e9 in\u00e9gal\u00e9e. La <strong data-start=\"967\" data-end=\"983\">puret\u00e9 de 99,9&nbsp;%<\/strong> signifie qu\u2019il est plus efficace que les solvants de qualit\u00e9 inf\u00e9rieure, ce qui vous permet d\u2019obtenir plus rapidement des r\u00e9sultats de nettoyage sup\u00e9rieurs. C\u2019est la solution id\u00e9ale pour les travaux difficiles comme enlever la peinture, \u00e9liminer la crasse accumul\u00e9e et redonner de l\u2019\u00e9clat aux pi\u00e8ces automobiles.  <\/p>\n<p class=\"\" data-start=\"1229\" data-end=\"1708\"><strong data-start=\"1229\" data-end=\"1287\">2. Applications polyvalentes pour tous vos besoins de nettoyage&nbsp;:<\/strong><br data-start=\"1287\" data-end=\"1290\">Ce nettoyant GBL est parfait pour une vaste gamme de t\u00e2ches de nettoyage. Que vous travailliez sur des jantes en alliage, que vous d\u00e9graissiez des machines ou que vous enleviez des taches tenaces sur du m\u00e9tal, ce nettoyant tout-en-un s\u2019en charge facilement. Vous pouvez \u00e9galement l\u2019utiliser pour pr\u00e9parer les surfaces avant de les peindre, ce qui garantit une finition lisse et impeccable. La polyvalence de ce produit en fait un incontournable pour les garages \u00e0 domicile, les petits ateliers et les projets de bricolage personnels.   <\/p>\n<hr class=\"\" data-start=\"1710\" data-end=\"1713\">\n<h3 class=\"\" data-start=\"1715\" data-end=\"1758\"><strong data-start=\"1719\" data-end=\"1758\">Les avantages d\u2019acheter du GBL en ligne<\/strong><\/h3>\n<p class=\"\" data-start=\"1760\" data-end=\"2177\"><strong data-start=\"1760\" data-end=\"1790\">3. Format \u00e9conomique de 5&nbsp;L&nbsp;:<\/strong><br data-start=\"1790\" data-end=\"1793\">Acheter du GBL en ligne en vrac est un choix judicieux. Notre g\u00e9n\u00e9reux contenant de 5 litres offre beaucoup de produit pour de multiples utilisations, ce qui vous permet d\u2019\u00e9conomiser du temps et de l\u2019argent. Au lieu de manquer de produit et de recommander fr\u00e9quemment, vous aurez la puissance de nettoyage dont vous avez besoin \u00e0 port\u00e9e de main pour chaque projet. Ce volume plus important vous permet \u00e9galement de le m\u00e9langer pour des t\u00e2ches plus l\u00e9g\u00e8res, ce qui augmente encore la valeur que vous tirez de chaque achat.   <\/p>\n<p class=\"\" data-start=\"2179\" data-end=\"2613\"><strong data-start=\"2179\" data-end=\"2226\">4. Commande en ligne facile et paiement s\u00e9curis\u00e9&nbsp;:<\/strong><br data-start=\"2226\" data-end=\"2229\">L\u2019un des plus grands avantages de choisir notre nettoyant est la simplicit\u00e9 avec laquelle il est possible d\u2019acheter du GBL en ligne. Il suffit d\u2019ajouter le nettoyant GBL 5 L \u00e0 votre panier, de compl\u00e9ter notre processus de paiement s\u00e9curis\u00e9 et nous nous occupons du reste. Vous pouvez magasiner en toute confiance en sachant que vos informations de paiement sont prot\u00e9g\u00e9es par un cryptage conforme aux normes de l\u2019industrie, et notre syst\u00e8me de commande simplifi\u00e9 rend le processus rapide et sans tracas.  <\/p>\n<p class=\"\" data-start=\"2615\" data-end=\"3004\"><strong data-start=\"2615\" data-end=\"2649\">5. Exp\u00e9dition rapide et fiable&nbsp;:<\/strong><br data-start=\"2649\" data-end=\"2652\">Nous comprenons l\u2019importance d\u2019obtenir votre produit rapidement. C\u2019est pourquoi nous offrons une exp\u00e9dition rapide aux acheteurs priv\u00e9s. Une fois votre commande confirm\u00e9e, nous travaillons rapidement pour nous assurer que votre nettoyant GBL est emball\u00e9 en toute s\u00e9curit\u00e9 et exp\u00e9di\u00e9 d\u00e8s que possible. De plus, gr\u00e2ce aux informations de suivi fournies, vous pouvez surveiller votre envoi et savoir exactement quand il arrivera.   <\/p>\n<hr class=\"\" data-start=\"3006\" data-end=\"3009\">\n<h3 class=\"\" data-start=\"3011\" data-end=\"3038\"><strong data-start=\"3015\" data-end=\"3038\">Pourquoi acheter du GBL en ligne&nbsp;?<\/strong><\/h3>\n<p class=\"\" data-start=\"3040\" data-end=\"3479\">L\u2019achat de GBL en ligne offre une commodit\u00e9 in\u00e9gal\u00e9e. Au lieu de chercher des magasins locaux ou de traiter avec des interm\u00e9diaires, vous pouvez aller directement \u00e0 la source. Lorsque vous achetez par l\u2019interm\u00e9diaire de notre site Web, vous avez un acc\u00e8s direct \u00e0 un produit de haute qualit\u00e9 sans aucune \u00e9tape inutile. Cela vous fait non seulement gagner du temps, mais vous assure \u00e9galement d\u2019obtenir exactement ce dont vous avez besoin&nbsp;: un nettoyant GBL pur \u00e0 99,9&nbsp;% qui offre des r\u00e9sultats fiables et de niveau professionnel \u00e0 chaque fois.   <\/p>\n<hr class=\"\" data-start=\"3481\" data-end=\"3484\">\n<h3 class=\"\" data-start=\"3486\" data-end=\"3515\"><strong data-start=\"3490\" data-end=\"3515\">S\u00e9curit\u00e9 et conformit\u00e9<\/strong><\/h3>\n<p class=\"\" data-start=\"3517\" data-end=\"3946\">N\u2019oubliez pas que ce produit est destin\u00e9 \u00e0 des fins de nettoyage uniquement. Suivez toujours les consignes de s\u00e9curit\u00e9 appropri\u00e9es lors de la manipulation du GBL, notamment en portant des gants de protection et en assurant une bonne ventilation. De plus, assurez-vous de respecter toutes les r\u00e9glementations locales concernant l\u2019achat, la possession et l\u2019utilisation de ce produit. En prenant ces mesures, vous serez en mesure de profiter pleinement des avantages de notre nettoyant GBL en toute s\u00e9curit\u00e9 et de mani\u00e8re responsable.   <\/p>\n<hr class=\"\" data-start=\"3948\" data-end=\"3951\">\n<h3 class=\"\" data-start=\"3953\" data-end=\"3997\"><strong data-start=\"3957\" data-end=\"3997\">Commandez votre nettoyant GBL en ligne d\u00e8s aujourd\u2019hui&nbsp;!<\/strong><\/h3>\n<p class=\"\" data-start=\"3999\" data-end=\"4527\">Pr\u00eat \u00e0 d\u00e9couvrir la puissance de nettoyage de notre nettoyant GBL 5 L&nbsp;? N\u2019attendez pas&nbsp;: passez votre commande d\u00e8s aujourd\u2019hui et voyez pourquoi tant d\u2019acheteurs priv\u00e9s choisissent d\u2019acheter du GBL en ligne chez nous. Avec une puret\u00e9 \u00e9lev\u00e9e, des applications polyvalentes et une commande s\u00e9curis\u00e9e, il n\u2019a jamais \u00e9t\u00e9 aussi facile d\u2019obtenir les r\u00e9sultats professionnels dont vous avez besoin. Que vous travailliez sur un petit projet ou que vous vous attaquiez \u00e0 un gros travail, notre nettoyant GBL a la force et la fiabilit\u00e9 n\u00e9cessaires pour rendre vos t\u00e2ches de nettoyage sans effort. Achetez maintenant et laissez-nous nous occuper du reste&nbsp;: votre nettoyant GBL 5 L n\u2019est qu\u2019\u00e0 quelques clics&nbsp;!    <\/p>\n","protected":false},"excerpt":{"rendered":"<p class=\"\" data-start=\"0\" data-end=\"44\"><strong data-start=\"0\" data-end=\"44\">Achetez du GBL en ligne \u2013 Nettoyant 5 L (pur \u00e0 99,9&nbsp;%)<\/strong><\/p>\n<p class=\"\" data-start=\"46\" data-end=\"301\">D\u00e9couvrez un nettoyant GBL pur \u00e0 99,9&nbsp;%, id\u00e9al pour les acheteurs priv\u00e9s. Parfait pour enlever la graisse, l\u2019huile, la peinture et les taches tenaces, ce format de 5 L offre une excellente valeur et une grande commodit\u00e9. Commandez d\u00e8s aujourd\u2019hui et profitez d\u2019un nettoyage de qualit\u00e9 professionnelle livr\u00e9 directement \u00e0 votre porte&nbsp;!  <\/p>\n","protected":false},"featured_media":447,"comment_status":"open","ping_status":"closed","template":"","meta":[],"product_brand":[],"product_cat":[50],"product_tag":[],"class_list":{"0":"post-973","1":"product","2":"type-product","3":"status-publish","4":"has-post-thumbnail","6":"product_cat-boutique","8":"first","9":"instock","10":"taxable","11":"shipping-taxable","12":"product-type-simple"},"_links":{"self":[{"href":"https:\/\/gbl.shop\/fr\/wp-json\/wp\/v2\/product\/973","targetHints":{"allow":["GET"]}}],"collection":[{"href":"https:\/\/gbl.shop\/fr\/wp-json\/wp\/v2\/product"}],"about":[{"href":"https:\/\/gbl.shop\/fr\/wp-json\/wp\/v2\/types\/product"}],"replies":[{"embeddable":true,"href":"https:\/\/gbl.shop\/fr\/wp-json\/wp\/v2\/comments?post=973"}],"wp:featuredmedia":[{"embeddable":true,"href":"https:\/\/gbl.shop\/fr\/wp-json\/wp\/v2\/media\/447"}],"wp:attachment":[{"href":"https:\/\/gbl.shop\/fr\/wp-json\/wp\/v2\/media?parent=973"}],"wp:term":[{"taxonomy":"product_brand","embeddable":true,"href":"https:\/\/gbl.shop\/fr\/wp-json\/wp\/v2\/product_brand?post=973"},{"taxonomy":"product_cat","embeddable":true,"href":"https:\/\/gbl.shop\/fr\/wp-json\/wp\/v2\/product_cat?post=973"},{"taxonomy":"product_tag","embeddable":true,"href":"https:\/\/gbl.shop\/fr\/wp-json\/wp\/v2\/product_tag?post=973"}],"curies":[{"name":"wp","href":"https:\/\/api.w.org\/{rel}","templated":true}]}}