{"id":977,"date":"2024-08-13T09:08:52","date_gmt":"2024-08-13T09:08:52","guid":{"rendered":"https:\/\/gbl.shop\/nettoyant-purewipe-25-l\/"},"modified":"2024-08-13T09:08:52","modified_gmt":"2024-08-13T09:08:52","slug":"nettoyant-purewipe-25-l","status":"publish","type":"product","link":"https:\/\/gbl.shop\/fr\/produit\/nettoyant-purewipe-25-l\/","title":{"rendered":"Nettoyant PureWipe 2,5 L"},"content":{"rendered":"<h2 data-start=\"327\" data-end=\"402\"><strong data-start=\"331\" data-end=\"402\">Nettoyant GBL 2,5 L \u2013 Pur \u00e0 99 % pour un nettoyage domestique et industriel puissant<\/strong><\/h2>\n<p class=\"\" data-start=\"404\" data-end=\"837\">Si vous recherchez une solution de nettoyage puissante et fiable, notre <strong data-start=\"471\" data-end=\"486\">nettoyant GBL<\/strong> est le choix id\u00e9al. Avec une <strong data-start=\"515\" data-end=\"529\">puret\u00e9 de 99 %<\/strong>, il offre des r\u00e9sultats puissants pour un large \u00e9ventail de t\u00e2ches de nettoyage. Le nettoyant se pr\u00e9sente sous la forme d&#8217;un liquide clair et incolore, signe de sa haute qualit\u00e9 et de son efficacit\u00e9. Que vous nettoyiez \u00e0 la maison ou que vous travailliez dans un environnement industriel, ce nettoyant GBL de 2,5 L vous donne la puissance dont vous avez besoin pour nettoyer mieux et plus rapidement.   <\/p>\n<p class=\"\" data-start=\"839\" data-end=\"1242\">Vous pouvez l&#8217;utiliser pour \u00e9liminer la graisse, l&#8217;huile, les taches, la colle, la peinture et m\u00eame les graffitis. En fait, il fonctionne sur de nombreuses surfaces comme le m\u00e9tal, le plastique et le caoutchouc. Cela le rend id\u00e9al pour les jantes de voiture, les pi\u00e8ces de moteur, les outils industriels et les surfaces d&#8217;atelier. De nombreux clients utilisent \u00e9galement ce <strong data-start=\"1105\" data-end=\"1120\">nettoyant GBL<\/strong> pour d\u00e9caper la peinture ou nettoyer les surfaces avant d&#8217;appliquer des rev\u00eatements. Comme il agit rapidement, il vous permet d&#8217;\u00e9conomiser du temps et des efforts.    <\/p>\n<hr class=\"\" data-start=\"1244\" data-end=\"1247\">\n<h4 data-start=\"1249\" data-end=\"1291\">\u2705 <strong data-start=\"1255\" data-end=\"1291\">Pourquoi choisir notre nettoyant GBL 2,5 L ?<\/strong><\/h4>\n<ul data-start=\"1293\" data-end=\"2184\">\n<li class=\"\" data-start=\"1293\" data-end=\"1448\">\n<p class=\"\" data-start=\"1295\" data-end=\"1448\"><strong data-start=\"1295\" data-end=\"1314\">Haute puret\u00e9 \u00e0 99 %<\/strong> \u2013 Tout d&#8217;abord, vous obtenez une puissance de nettoyage pure sans charges inutiles. Uniquement des ingr\u00e9dients actifs qui travaillent dur d\u00e8s la premi\u00e8re utilisation. <\/p>\n<\/li>\n<li class=\"\" data-start=\"1449\" data-end=\"1650\">\n<p class=\"\" data-start=\"1451\" data-end=\"1650\"><strong data-start=\"1451\" data-end=\"1471\">Fonctionne partout<\/strong> \u2013 Que vous soyez \u00e0 la maison, dans un garage ou dans une installation industrielle, ce nettoyant s&#8217;adapte \u00e0 tous les environnements. Vous pouvez nettoyer facilement des machines, des outils, des pi\u00e8ces automobiles ou pr\u00e9parer des surfaces. <\/p>\n<\/li>\n<li class=\"\" data-start=\"1651\" data-end=\"1829\">\n<p class=\"\" data-start=\"1653\" data-end=\"1829\"><strong data-start=\"1653\" data-end=\"1679\">Grande taille, meilleure valeur<\/strong> \u2013 Avec 2,5 litres, vous aurez toujours suffisamment de nettoyant sous la main. De plus, vous pouvez le diluer avec de l&#8217;eau pour les t\u00e2ches plus l\u00e9g\u00e8res, ce qui le rend encore plus \u00e9conomique. <\/p>\n<\/li>\n<li class=\"\" data-start=\"1830\" data-end=\"1976\">\n<p class=\"\" data-start=\"1832\" data-end=\"1976\"><strong data-start=\"1832\" data-end=\"1856\">\u00c9conomise du temps et de l&#8217;argent<\/strong> \u2013 En raison de sa force et de son volume, vous utiliserez moins de produit par t\u00e2che. Cela signifie moins de nouvelles commandes et des r\u00e9sultats plus rapides. <\/p>\n<\/li>\n<li class=\"\" data-start=\"1977\" data-end=\"2184\">\n<p class=\"\" data-start=\"1979\" data-end=\"2184\"><strong data-start=\"1979\" data-end=\"2010\">Exp\u00e9dition rapide et fiable dans l&#8217;UE<\/strong> \u2013 Nous exp\u00e9dions rapidement et en toute s\u00e9curit\u00e9 dans toute l&#8217;Europe. Dans la plupart des cas, nous exp\u00e9dions votre commande dans les 24 heures. Vous obtiendrez \u00e9galement un suivi pour suivre votre livraison de notre porte \u00e0 la v\u00f4tre.  <\/p>\n<\/li>\n<\/ul>\n<hr class=\"\" data-start=\"2186\" data-end=\"2189\">\n<p class=\"\" data-start=\"2191\" data-end=\"2493\">Gr\u00e2ce \u00e0 sa force, sa taille et sa flexibilit\u00e9, ce <strong data-start=\"2243\" data-end=\"2258\">nettoyant GBL<\/strong> est devenu une solution incontournable pour un usage personnel et professionnel. Il est facile \u00e0 utiliser, mais suffisamment r\u00e9sistant pour les travaux de nettoyage difficiles. Que vous vous attaquiez \u00e0 de la graisse accumul\u00e9e ou que vous d\u00e9capiez de la vieille peinture, il fait le travail sans compromis.  <\/p>\n<p class=\"\" data-start=\"2495\" data-end=\"2718\">Utilisez-le pour l&#8217;entretien automobile, le nettoyage de machines, la pr\u00e9paration des m\u00e9taux ou le nettoyage en profondeur de la maison. De plus, sa formule puissante et sa haute puret\u00e9 le rendent id\u00e9al pour les t\u00e2ches plus exigeantes, o\u00f9 les nettoyants standard ne fonctionnent tout simplement pas. <\/p>\n<p>Un <strong data-start=\"120\" data-end=\"135\">Nettoyant GBL<\/strong>  est un solvant tr\u00e8s efficace utilis\u00e9 pour \u00e9liminer la graisse, l&#8217;huile, les adh\u00e9sifs, la peinture et autres r\u00e9sidus tenaces. Avec une puret\u00e9 typique de 99 %, il est id\u00e9al pour les applications de nettoyage industrielles et domestiques. Les professionnels utilisent le nettoyant GBL pour d\u00e9graisser les machines, nettoyer les pi\u00e8ces automobiles et pr\u00e9parer les surfaces avant de peindre. Sa formule \u00e0 action rapide p\u00e9n\u00e8tre profond\u00e9ment dans l&#8217;accumulation, ce qui rend le nettoyage plus rapide et plus efficace. Disponible en diff\u00e9rentes tailles, y compris 2,5 L pour une utilisation \u00e0 long terme, le nettoyant GBL offre une grande valeur et performance. Que vous travailliez dans un garage ou un atelier, ce solvant polyvalent est une solution fiable pour un nettoyage puissant et sans r\u00e9sidus.     <\/p>\n<hr class=\"\" data-start=\"2720\" data-end=\"2723\">\n<h5 data-start=\"2725\" data-end=\"2778\">\ud83d\uded2 <strong data-start=\"2732\" data-end=\"2778\">Commandez maintenant \u2013 Nettoyez plus intelligemment avec le nettoyant GBL<\/strong><\/h5>\n<p class=\"\" data-start=\"2780\" data-end=\"3039\">Ne vous contentez pas de solutions faibles et dilu\u00e9es. Choisissez plut\u00f4t un <strong data-start=\"2845\" data-end=\"2860\">nettoyant GBL<\/strong> qui travaille dur pour que vous n&#8217;ayez pas \u00e0 le faire. Notre bouteille de 2,5 L vous offre un nettoyage haute performance avec une valeur durable. Et gr\u00e2ce \u00e0 une exp\u00e9dition rapide dans toute l&#8217;Europe, vous ne serez pas laiss\u00e9 \u00e0 attendre.   <\/p>\n<p class=\"\" data-start=\"3041\" data-end=\"3225\"><strong data-start=\"3041\" data-end=\"3052\">Achetez maintenant<\/strong> et voyez pourquoi ce nettoyant GBL pur \u00e0 99 % est approuv\u00e9 par les professionnels et les utilisateurs de bricolage dans toute l&#8217;Europe. Nettoyez plus intelligemment, plus rapidement et plus efficacement, le tout avec une solution puissante. <\/p>\n","protected":false},"excerpt":{"rendered":"<p>Ce <strong data-start=\"190\" data-end=\"205\">nettoyant GBL<\/strong> haute puret\u00e9 (99 %) est parfait pour les travaux de nettoyage difficiles \u00e0 la maison ou dans les environnements industriels. \u00c9liminez facilement la graisse, l&#8217;huile, la peinture et les taches des jantes, des outils et des surfaces. La taille de 2,5 L offre une valeur durable, et l&#8217;exp\u00e9dition rapide dans l&#8217;UE assure une livraison rapide. Nettoyez plus intelligemment avec un nettoyant GBL puissant approuv\u00e9 dans toute l&#8217;Europe.   <\/p>\n","protected":false},"featured_media":446,"comment_status":"open","ping_status":"closed","template":"","meta":[],"product_brand":[23],"product_cat":[50],"product_tag":[],"class_list":{"0":"post-977","1":"product","2":"type-product","3":"status-publish","4":"has-post-thumbnail","6":"product_brand-gbl-shop","7":"product_cat-boutique","9":"first","10":"instock","11":"taxable","12":"shipping-taxable","13":"product-type-simple"},"_links":{"self":[{"href":"https:\/\/gbl.shop\/fr\/wp-json\/wp\/v2\/product\/977","targetHints":{"allow":["GET"]}}],"collection":[{"href":"https:\/\/gbl.shop\/fr\/wp-json\/wp\/v2\/product"}],"about":[{"href":"https:\/\/gbl.shop\/fr\/wp-json\/wp\/v2\/types\/product"}],"replies":[{"embeddable":true,"href":"https:\/\/gbl.shop\/fr\/wp-json\/wp\/v2\/comments?post=977"}],"wp:featuredmedia":[{"embeddable":true,"href":"https:\/\/gbl.shop\/fr\/wp-json\/wp\/v2\/media\/446"}],"wp:attachment":[{"href":"https:\/\/gbl.shop\/fr\/wp-json\/wp\/v2\/media?parent=977"}],"wp:term":[{"taxonomy":"product_brand","embeddable":true,"href":"https:\/\/gbl.shop\/fr\/wp-json\/wp\/v2\/product_brand?post=977"},{"taxonomy":"product_cat","embeddable":true,"href":"https:\/\/gbl.shop\/fr\/wp-json\/wp\/v2\/product_cat?post=977"},{"taxonomy":"product_tag","embeddable":true,"href":"https:\/\/gbl.shop\/fr\/wp-json\/wp\/v2\/product_tag?post=977"}],"curies":[{"name":"wp","href":"https:\/\/api.w.org\/{rel}","templated":true}]}}