{"id":983,"date":"2024-08-13T09:07:58","date_gmt":"2024-08-13T09:07:58","guid":{"rendered":"https:\/\/gbl.shop\/nettoyant-purewipe-1-l\/"},"modified":"2026-01-23T20:28:04","modified_gmt":"2026-01-23T20:28:04","slug":"nettoyant-purewipe-1-l","status":"publish","type":"product","link":"https:\/\/gbl.shop\/fr\/produit\/nettoyant-purewipe-1-l\/","title":{"rendered":"Nettoyant PureWipe 1 L"},"content":{"rendered":"<div class=\"flex max-w-full flex-col grow\">\n<div class=\"min-h-8 text-message relative flex w-full flex-col items-end gap-2 text-start break-words whitespace-normal [.text-message+&amp;]:mt-5\" dir=\"auto\" data-message-author-role=\"assistant\" data-message-id=\"6265b032-4582-4818-b593-ed63d3d41683\" data-message-model-slug=\"gpt-4o\">\n<div class=\"flex w-full flex-col gap-1 empty:hidden first:pt-[3px]\">\n<div class=\"markdown prose dark:prose-invert w-full break-words light\">\n<p class=\"\" data-start=\"217\" data-end=\"285\"><strong data-start=\"217\" data-end=\"285\">Nettoyant GBL 1 L \u2013 La solution de nettoyage de confiance dans toute l&#8217;Europe GBL<\/strong><\/p>\n<p class=\"\" data-start=\"287\" data-end=\"682\">\u00cates-vous \u00e0 la recherche d&#8217;un nettoyant haute performance qui fonctionne aussi bien \u00e0 la maison que dans les environnements industriels ? <strong data-start=\"386\" data-end=\"404\">Le nettoyant GBL 1 L<\/strong> est le choix id\u00e9al pour les professionnels et les particuliers dans toute <strong data-start=\"472\" data-end=\"486\">l&#8217;Europe GBL<\/strong>. Avec une <strong data-start=\"504\" data-end=\"518\">puret\u00e9 puissante de 99 %<\/strong>, il \u00e9limine facilement la crasse, la graisse et les r\u00e9sidus. Que vous nettoyiez des machines ou que vous rafra\u00eechissiez des surfaces \u00e0 la maison, ce nettoyant offre des r\u00e9sultats sur lesquels vous pouvez compter.  <\/p>\n<hr class=\"\" data-start=\"684\" data-end=\"687\">\n<h3 class=\"\" data-start=\"689\" data-end=\"736\">Pourquoi GBL Europe fait confiance \u00e0 notre nettoyant GBL 1 L<\/h3>\n<p class=\"\" data-start=\"738\" data-end=\"956\"><strong data-start=\"738\" data-end=\"755\">Pour commencer<\/strong>, la puret\u00e9 est importante. Notre formule contient <strong data-start=\"794\" data-end=\"810\">99 % de GBL pur<\/strong>, ce qui signifie une force et une efficacit\u00e9 maximales \u00e0 chaque utilisation. Il \u00e9limine rapidement les accumulations importantes, laissant vos surfaces propres et pr\u00eates \u00e0 l&#8217;emploi.  <\/p>\n<p class=\"\" data-start=\"958\" data-end=\"1185\"><strong data-start=\"958\" data-end=\"970\">De plus<\/strong>, vous b\u00e9n\u00e9ficierez de performances constantes \u00e0 chaque fois. De la premi\u00e8re \u00e0 la derni\u00e8re goutte, ce nettoyant offre les m\u00eames r\u00e9sultats puissants. <strong data-start=\"1101\" data-end=\"1115\">C&#8217;est pourquoi<\/strong> les utilisateurs de toute <strong data-start=\"1129\" data-end=\"1143\">l&#8217;Europe GBL<\/strong> continuent de le choisir pour les travaux de nettoyage difficiles. <\/p>\n<hr class=\"\" data-start=\"1187\" data-end=\"1190\">\n<h3 class=\"\" data-start=\"1192\" data-end=\"1233\">Utilisations multiples pour une flexibilit\u00e9 maximale<\/h3>\n<p class=\"\" data-start=\"1235\" data-end=\"1405\"><strong data-start=\"1235\" data-end=\"1265\">Dans les environnements industriels<\/strong>, utilisez le nettoyant GBL 1 L pour d\u00e9graisser les outils, l&#8217;\u00e9quipement et les surfaces. Il \u00e9limine rapidement l&#8217;huile et la salet\u00e9, vous aidant \u00e0 maintenir le bon fonctionnement de tout. <\/p>\n<p class=\"\" data-start=\"1407\" data-end=\"1606\"><strong data-start=\"1407\" data-end=\"1422\">De plus<\/strong>, il est excellent pour la pr\u00e9paration des surfaces. Vous pouvez enlever la colle, la peinture ou les rev\u00eatements avant d&#8217;appliquer quelque chose de nouveau. <strong data-start=\"1539\" data-end=\"1551\">De cette fa\u00e7on<\/strong>, vous aurez toujours une base lisse et propre sur laquelle travailler. <\/p>\n<p class=\"\" data-start=\"1608\" data-end=\"1798\"><strong data-start=\"1608\" data-end=\"1625\">Pour les t\u00e2ches de bricolage<\/strong>, il est tout aussi efficace. Que vous nettoyiez des pi\u00e8ces automobiles, que vous polissiez des roues ou que vous restauriez des mat\u00e9riaux, ce nettoyant vous offre une finition de qualit\u00e9 professionnelle, sans les tracas. <\/p>\n<hr class=\"\" data-start=\"1800\" data-end=\"1803\">\n<h3 class=\"\" data-start=\"1805\" data-end=\"1859\">Pourquoi les clients de toute l&#8217;Europe GBL font confiance \u00e0 ce produit<\/h3>\n<p class=\"\" data-start=\"1861\" data-end=\"2193\"><strong data-start=\"1861\" data-end=\"1903\">Gr\u00e2ce \u00e0 sa force et \u00e0 sa fiabilit\u00e9<\/strong>, notre nettoyant est devenu un choix de premier ordre dans toute <strong data-start=\"1952\" data-end=\"1966\">l&#8217;Europe GBL<\/strong>. Les professionnels des ateliers, des usines et des garages l&#8217;utilisent quotidiennement. <strong data-start=\"2033\" data-end=\"2053\">En m\u00eame temps<\/strong>, les propri\u00e9taires l&#8217;appr\u00e9cient pour sa puissance et sa simplicit\u00e9. Nous suivons des contr\u00f4les de qualit\u00e9 stricts, afin que vous receviez toujours un produit de haute qualit\u00e9 et fiable.  <\/p>\n<p class=\"\" data-start=\"1861\" data-end=\"2193\">Gr\u00e2ce \u00e0 sa force exceptionnelle et \u00e0 sa puret\u00e9 de 99 %, notre nettoyant GBL 1 L a gagn\u00e9 la confiance des clients de toute <strong data-start=\"277\" data-end=\"291\">l&#8217;Europe GBL<\/strong>. Ce puissant solvant multi-surfaces est id\u00e9al pour une large gamme d&#8217;applications de nettoyage, du d\u00e9graissage industriel intensif \u00e0 la pr\u00e9paration de surfaces de pr\u00e9cision dans les environnements automobiles et de fabrication. Les professionnels de tous les secteurs l&#8217;utilisent pour \u00e9liminer l&#8217;huile, la poussi\u00e8re de frein, l&#8217;adh\u00e9sif, la peinture et m\u00eame les graffitis, ce qui en fait une v\u00e9ritable solution tout-en-un.  <\/p>\n<p class=\"\" data-start=\"1861\" data-end=\"2193\">Dans le m\u00eame temps, les utilisateurs priv\u00e9s appr\u00e9cient sa facilit\u00e9 d&#8217;application, qu&#8217;ils restaurent des pi\u00e8ces de moteur, nettoient des jantes en alliage ou pr\u00e9parent des surfaces m\u00e9talliques et plastiques pour la finition. Gr\u00e2ce \u00e0 son volume g\u00e9n\u00e9reux de 1 litre, il offre un excellent rapport qualit\u00e9-prix pour une utilisation fr\u00e9quente, tandis que l&#8217;emballage inviolable et \u00e9tanche assure un stockage et un transport s\u00fbrs. En mati\u00e8re de performance, de s\u00e9curit\u00e9 et de fiabilit\u00e9, c&#8217;est le nettoyant qui r\u00e9pond aux normes \u00e9lev\u00e9es attendues dans toute <strong data-start=\"1114\" data-end=\"1128\">l&#8217;Europe GBL<\/strong>.  <\/p>\n<hr class=\"\" data-start=\"2195\" data-end=\"2198\">\n<h3 class=\"\" data-start=\"2200\" data-end=\"2239\">Principaux avantages qui font la diff\u00e9rence<\/h3>\n<ul data-start=\"2241\" data-end=\"2523\">\n<li class=\"\" data-start=\"2241\" data-end=\"2298\">\n<p class=\"\" data-start=\"2243\" data-end=\"2298\">\u2705 <strong data-start=\"2245\" data-end=\"2259\">Puret\u00e9 de 99 %<\/strong> \u2013 Fort, efficace et sans charges.<\/p>\n<\/li>\n<li class=\"\" data-start=\"2299\" data-end=\"2371\">\n<p class=\"\" data-start=\"2301\" data-end=\"2371\">\u2705 <strong data-start=\"2303\" data-end=\"2324\">Utilisation multi-surfaces<\/strong> \u2013 Id\u00e9al pour le m\u00e9tal, le plastique, le verre et plus encore.<\/p>\n<\/li>\n<li class=\"\" data-start=\"2372\" data-end=\"2447\">\n<p class=\"\" data-start=\"2374\" data-end=\"2447\">\u2705 <strong data-start=\"2376\" data-end=\"2398\">Valeur durable<\/strong> \u2013 Un litre dure longtemps, ce qui vous permet d&#8217;\u00e9conomiser de l&#8217;argent.<\/p>\n<\/li>\n<li class=\"\" data-start=\"2448\" data-end=\"2523\">\n<p class=\"\" data-start=\"2450\" data-end=\"2523\">\u2705 <strong data-start=\"2452\" data-end=\"2472\">Emballage s\u00e9curis\u00e9<\/strong> \u2013 \u00c9tanche et inviolable pour une livraison en toute s\u00e9curit\u00e9.<\/p>\n<\/li>\n<\/ul>\n<hr class=\"\" data-start=\"2525\" data-end=\"2528\">\n<h3 class=\"\" data-start=\"2530\" data-end=\"2602\">Pr\u00eat \u00e0 nettoyer plus intelligemment ? Commandez d\u00e8s aujourd&#8217;hui aupr\u00e8s de la source de confiance de GBL Europe <\/h3>\n<p class=\"\" data-start=\"2604\" data-end=\"2841\"><strong data-start=\"2604\" data-end=\"2629\">Tout bien consid\u00e9r\u00e9<\/strong>, notre <strong data-start=\"2635\" data-end=\"2653\">nettoyant GBL 1 L<\/strong> vous offre la puissance, la qualit\u00e9 et la polyvalence dont vous avez besoin. Que vous g\u00e9riez un nettoyage intensif au travail ou un nettoyage en profondeur \u00e0 la maison, ce produit vous aide \u00e0 le faire plus rapidement et mieux. <\/p>\n<p class=\"\" data-start=\"2843\" data-end=\"3053\"><strong data-start=\"2843\" data-end=\"2859\">Alors pourquoi attendre ?<\/strong> Si vous \u00eates en <strong data-start=\"2873\" data-end=\"2887\">Europe GBL<\/strong>, c&#8217;est le moment id\u00e9al pour am\u00e9liorer votre routine de nettoyage. <strong data-start=\"2947\" data-end=\"2975\">Achetez le nettoyant GBL 1 L d\u00e8s aujourd&#8217;hui<\/strong> et d\u00e9couvrez la solution de confiance qui fait la diff\u00e9rence dans toute l&#8217;Europe.<\/p>\n<\/div>\n<\/div>\n<\/div>\n<\/div>\n<div class=\"flex justify-start\"><\/div>\n","protected":false},"excerpt":{"rendered":"<p><strong data-start=\"103\" data-end=\"160\">De confiance dans toute l&#8217;Europe GBL \u2013 Nettoyant GBL 1 L (pur \u00e0 99 %)<\/strong><br data-start=\"160\" data-end=\"163\">D\u00e9couvrez un nettoyage puissant avec notre nettoyant GBL 1 L, auquel font confiance les professionnels et les bricoleurs dans toute <strong data-start=\"267\" data-end=\"281\" data-is-only-node=\"\">l&#8217;Europe GBL<\/strong>. Avec une puret\u00e9 de 99 %, il \u00e9limine facilement la graisse, l&#8217;huile et les taches, ce qui est id\u00e9al pour l&#8217;\u00e9quipement industriel, l&#8217;entretien automobile et la pr\u00e9paration des surfaces. Nettoyez plus intelligemment avec la solution fiable de GBL Europe !  <\/p>\n","protected":false},"featured_media":445,"comment_status":"open","ping_status":"closed","template":"","meta":[],"product_brand":[],"product_cat":[50],"product_tag":[],"class_list":{"0":"post-983","1":"product","2":"type-product","3":"status-publish","4":"has-post-thumbnail","6":"product_cat-boutique","8":"first","9":"instock","10":"taxable","11":"shipping-taxable","12":"product-type-simple"},"_links":{"self":[{"href":"https:\/\/gbl.shop\/fr\/wp-json\/wp\/v2\/product\/983","targetHints":{"allow":["GET"]}}],"collection":[{"href":"https:\/\/gbl.shop\/fr\/wp-json\/wp\/v2\/product"}],"about":[{"href":"https:\/\/gbl.shop\/fr\/wp-json\/wp\/v2\/types\/product"}],"replies":[{"embeddable":true,"href":"https:\/\/gbl.shop\/fr\/wp-json\/wp\/v2\/comments?post=983"}],"wp:featuredmedia":[{"embeddable":true,"href":"https:\/\/gbl.shop\/fr\/wp-json\/wp\/v2\/media\/445"}],"wp:attachment":[{"href":"https:\/\/gbl.shop\/fr\/wp-json\/wp\/v2\/media?parent=983"}],"wp:term":[{"taxonomy":"product_brand","embeddable":true,"href":"https:\/\/gbl.shop\/fr\/wp-json\/wp\/v2\/product_brand?post=983"},{"taxonomy":"product_cat","embeddable":true,"href":"https:\/\/gbl.shop\/fr\/wp-json\/wp\/v2\/product_cat?post=983"},{"taxonomy":"product_tag","embeddable":true,"href":"https:\/\/gbl.shop\/fr\/wp-json\/wp\/v2\/product_tag?post=983"}],"curies":[{"name":"wp","href":"https:\/\/api.w.org\/{rel}","templated":true}]}}