{"id":1042,"date":"2025-02-24T07:43:22","date_gmt":"2025-02-24T07:43:22","guid":{"rendered":"https:\/\/gbl.shop\/privacybeleid\/"},"modified":"2025-02-24T07:43:22","modified_gmt":"2025-02-24T07:43:22","slug":"privacybeleid","status":"publish","type":"page","link":"https:\/\/gbl.shop\/nl\/privacybeleid\/","title":{"rendered":"Privacybeleid"},"content":{"rendered":"<p>Stichdag: 1. Januar 2025<\/p>\n<h3 lang=\"en-GB\">\ud83d\udd10 Warrant Canary<\/h3>\n<p><strong>Domain:<\/strong> <a href=\"https:\/\/gbl.shop\/nl\/\" target=\"_new\">https:\/\/gbl.shop<\/a><br \/>\n<strong>Operator:<\/strong> GBL.SHOP Zeitgeist2000<br \/>\n<strong>Contact:<\/strong> contact@gbl.shop<\/p>\n<p>Op de bovengenoemde datum geldt het volgende:<\/p>\n<ul>\n<li>We hebben geen National Security Letters (NSL\u2019s), geheimhoudingsbevelen of andere geheime verzoeken van overheidsinstanties ontvangen die ons zouden verplichten om gebruikersgegevens vrij te geven of om dergelijke verzoeken niet te melden.<\/li>\n<li>We hebben geen gerechtelijke bevelen ontvangen die ons zouden verbieden om verzoeken om toezicht openbaar te maken.<\/li>\n<\/ul>\n<p>Deze verklaring wordt ten minste elk kwartaal bijgewerkt. Als deze kennisgeving wordt verwijderd of gewijzigd, kan worden aangenomen dat er een dagvaarding of verzoek is ontvangen. <\/p>\n<p><span lang=\"en-GB\">Bij <\/span><strong><span lang=\"en-GB\">gbl.shop<\/span><\/strong><span lang=\"en-GB\">, inden we de bescherming van uw privacy erg belangrijk. In deze privacyverklaring leggen we uit hoe we uw persoonsgegevens verzamelen, gebruiken en beschermen, in overeenstemming met de Algemene Verordening Gegevensbescherming (AVG) en de Portugese wetgeving inzake gegevensbescherming.<\/span><\/p>\n<h3 class=\"western\" lang=\"en-GB\">1. Wie wij zijn<\/h3>\n<p><strong><span lang=\"en-GB\">GBL.SHOP Zeitgeist2000<\/span><\/strong><span lang=\"en-GB\"><br \/>\nRua Hermano Neves, N\u00ba 18, Piso 3, Escrit\u00f3rio 7<br \/>\nV2403 1600-477 Lisboa, Portugal<br \/>\n\ud83d\udce7 contact@gbl.shop<br \/>\n\ud83c\udf10 <a href=\"https:\/\/gbl.shop\/nl\/\" target=\"_new\">https:\/\/gbl.shop<\/a><\/span><\/p>\n<p lang=\"en-GB\">Wij zijn verantwoordelijk voor de verwerking van uw persoonsgegevens die via onze website worden verzameld.<\/p>\n<hr>\n<h3 class=\"western\" lang=\"en-GB\">2.Welke gegevens wij verzamelen<\/h3>\n<p lang=\"en-GB\">Wanneer u onze website bezoekt of gebruikt, kunnen wij de volgende gegevens verzamelen:<\/p>\n<ul>\n<li>\n<p lang=\"en-GB\">Naam en contactgegevens (bijv. e-mailadres, telefoonnummer, afleveradres)<\/p>\n<\/li>\n<li>\n<p lang=\"en-GB\">Factuur- en betalingsgegevens<\/p>\n<\/li>\n<li>\n<p lang=\"en-GB\">Bestelgeschiedenis<\/p>\n<\/li>\n<li>\n<p lang=\"en-GB\">IP-adres en browser- en apparaatinformatie<\/p>\n<\/li>\n<li>\n<p lang=\"en-GB\">Klantvragen en ondersteuningsberichten<\/p>\n<\/li>\n<li>\n<p lang=\"en-GB\">Identificatiegegevens<\/p>\n<\/li>\n<\/ul>\n<hr>\n<h3 class=\"western\" lang=\"en-GB\">3. Waarom wij uw gegevens verwerken<\/h3>\n<p lang=\"en-GB\">Wij verwerken uw gegevens om:<\/p>\n<ul>\n<li>\n<p lang=\"en-GB\">Process and ship your orders<\/p>\n<\/li>\n<li>\n<p lang=\"en-GB\">bestellingen te verwerken en te verzenden<\/p>\n<\/li>\n<li>\n<p lang=\"en-GB\">klantenservice te bieden<\/p>\n<\/li>\n<li>\n<p lang=\"en-GB\">te voldoen aan wettelijke verplichtingen (bijv. belastingwetgeving)<\/p>\n<\/li>\n<li>\n<p lang=\"en-GB\">onze diensten en de gebruikerservaring op de website te verbeteren.<\/p>\n<\/li>\n<\/ul>\n<p lang=\"en-GB\">Wij verwerken uw gegevens uitsluitend op basis van een wettelijke grondslag overeenkomstig de AVG: uitvoering van een overeenkomst, wettelijke verplichtingen of uw toestemming.<\/p>\n<hr>\n<h3 class=\"western\" lang=\"en-GB\">4. Cookies en analyse<\/h3>\n<p lang=\"en-GB\">We gebruiken cookies om de functionaliteit van de website te verbeteren en het gebruik en de prestaties van de website te analyseren. U kunt cookies op elk moment beheren of uitschakelen in uw browserinstellingen. <\/p>\n<hr>\n<h3 class=\"western\" lang=\"en-GB\">5. Overdracht van uw gegevens<\/h3>\n<p lang=\"en-GB\">We kunnen uw gegevens met vertrouwde derden delen:<\/p>\n<ul>\n<li>\n<p lang=\"en-GB\">Betalingsdienstverleners (bijv. PayPal, Stripe)<\/p>\n<\/li>\n<li>\n<p lang=\"en-GB\">Bezorgdiensten (bijv. DHL, CTT, DPD, GLS)<\/p>\n<\/li>\n<li>\n<p lang=\"en-GB\">Fiscale of juridische adviseurs (voor zover wettelijk vereist)<\/p>\n<\/li>\n<\/ul>\n<p lang=\"en-GB\">Wij verkopen of verhuren uw gegevens nooit. Wij delen uw gegevens niet met derden, tenzij dit noodzakelijk is.<\/p>\n<hr>\n<h3 class=\"western\" lang=\"en-GB\">6. Bewaartermijn<\/h3>\n<p lang=\"en-GB\">Wij bewaren uw persoonsgegevens alleen zo lang als nodig is voor de afhandeling van uw bestellingen<br \/>het nakomen van wettelijke en fiscale verplichtingen; de klantenservice<br \/>In de regel niet langer dan 7 jaar (bijvoorbeeld voor fiscale doeleinden).<\/p>\n<hr>\n<h3 class=\"western\" lang=\"en-GB\">7. Uw rechten volgens de AVG<\/h3>\n<p lang=\"en-GB\">U hebt te allen tijde het recht om:<\/p>\n<ul>\n<li>\n<p lang=\"en-GB\">informatie over uw persoonsgegevens te verkrijgen<\/p>\n<\/li>\n<li>\n<p lang=\"en-GB\">de correctie of verwijdering van uw gegevens te vragen<\/p>\n<\/li>\n<li>\n<p lang=\"en-GB\">bezwaar te maken tegen de verwerking of een beperking van de verwerking te vragen<\/p>\n<\/li>\n<li>\n<p lang=\"en-GB\">Gegevensoverdraagbaarheid<\/p>\n<\/li>\n<li>\n<p lang=\"en-GB\">een klacht in te dienen bij de Comiss\u00e3o Nacional de Prote\u00e7\u00e3o de Dados (CNPD), de Portugese gegevensbeschermingsautoriteit<\/p>\n<\/li>\n<\/ul>\n<p><span lang=\"en-GB\">Om uw rechten uit te oefenen, kunt u contact opnemen met: <\/span><strong><span lang=\"en-GB\">contact@gbl.shop<\/span><\/strong><span lang=\"en-GB\">.<\/span><\/p>\n<hr>\n<h3 class=\"western\" lang=\"en-GB\">8. Veiligheid<\/h3>\n<p lang=\"en-GB\">We gebruiken technische en organisatorische maatregelen om uw gegevens te beschermen. <\/p>\n<hr>\n","protected":false},"excerpt":{"rendered":"<p>Stichdag: 1. Januar 2025 \ud83d\udd10 Warrant Canary Domain: https:\/\/gbl.shop Operator: GBL.SHOP Zeitgeist2000 Contact: contact@gbl.shop Op de bovengenoemde datum geldt het volgende: We hebben geen National Security Letters (NSL\u2019s), geheimhoudingsbevelen of andere geheime verzoeken van overheidsinstanties ontvangen die ons zouden verplichten om gebruikersgegevens vrij te geven of om dergelijke verzoeken niet te melden. We hebben geen [&hellip;]<\/p>\n","protected":false},"author":1,"featured_media":0,"parent":0,"menu_order":0,"comment_status":"closed","ping_status":"closed","template":"","meta":{"footnotes":""},"class_list":["post-1042","page","type-page","status-publish","hentry"],"blocksy_meta":[],"_links":{"self":[{"href":"https:\/\/gbl.shop\/nl\/wp-json\/wp\/v2\/pages\/1042","targetHints":{"allow":["GET"]}}],"collection":[{"href":"https:\/\/gbl.shop\/nl\/wp-json\/wp\/v2\/pages"}],"about":[{"href":"https:\/\/gbl.shop\/nl\/wp-json\/wp\/v2\/types\/page"}],"author":[{"embeddable":true,"href":"https:\/\/gbl.shop\/nl\/wp-json\/wp\/v2\/users\/1"}],"replies":[{"embeddable":true,"href":"https:\/\/gbl.shop\/nl\/wp-json\/wp\/v2\/comments?post=1042"}],"version-history":[{"count":0,"href":"https:\/\/gbl.shop\/nl\/wp-json\/wp\/v2\/pages\/1042\/revisions"}],"wp:attachment":[{"href":"https:\/\/gbl.shop\/nl\/wp-json\/wp\/v2\/media?parent=1042"}],"curies":[{"name":"wp","href":"https:\/\/api.w.org\/{rel}","templated":true}]}}